{"id":713,"date":"2014-12-19T22:21:36","date_gmt":"2014-12-19T21:21:36","guid":{"rendered":"http:\/\/os-dragatus.splet.arnes.si\/?page_id=713"},"modified":"2024-07-13T11:49:12","modified_gmt":"2024-07-13T09:49:12","slug":"zdravstveno-varstvo","status":"publish","type":"page","link":"https:\/\/os-dragatus.splet.arnes.si\/?page_id=713","title":{"rendered":"Zdravstveno varstvo"},"content":{"rendered":"<h3><span style=\"color: #008000\">Zdravstveno varstvo in zdrav na\u010din \u017eivljenja<\/span><\/h3>\n<p>Za u\u010dence 2., 4., 6. in 8. r. so organizirani sistemati\u010dni zdravstveni pregledi.<br \/>\nU\u010denci od 1. do 5. razreda lahko sodelujejo v \u0161\u010detkanju in \u017eeliranju zob, u\u010denci od 2. do 5. razreda pa lahko sodelujejo v Tekmovanju za \u010diste zobe.<br \/>\nTudi sicer vzpodbujamo zdrav na\u010din \u017eivljenja s tem, da:<br \/>\n\u2013 izvajamo \u0161portne dni z dejavnostmi, ki privajajo otroke na rekreativne dejavnosti,<br \/>\n\u2013 ponujamo \u0161portne izbirne predmete (izbrani \u0161port in \u0161port za zdravje),<br \/>\n\u2013 imajo u\u010denci rekreativne odmore,<br \/>\n\u2013 skrbimo za zdrave obroke hrane na \u0161oli (nudimo sadno malico, manj slano in manj sladkano hrano),<br \/>\n\u2013 vzpodbujamo zdrav na\u010din prehrane, ko nudimo vse obroke od zajtrka do kosila,<br \/>\n\u2013 privajamo u\u010dence na higienske navade,<br \/>\n\u2013 pri predmetih, kadar koli je mo\u017eno, u\u010ditelji opozarjajo na zdrav \u017eivljenjski slog,<br \/>\n\u2013 imajo vsi razredi naravoslovni dan na temo Skrbimo za svoje zdravje.<\/p>\n<p><strong>Star\u0161i bodo ve\u010d informacij o zdravstvenih pregledih dobili v posebnem obvestilu, ki ga bodo prejeli preko u\u010dencev ali na govorilnih urah.<\/strong><\/p>\n<p>&#8211; sistematski pregled za u\u010dence <strong><span style=\"color: #ff0000\">2. r.<\/span><\/strong> &#8211;<br \/>\n&#8211; sistematski pregled za u\u010dence <strong><span style=\"color: #ff0000\">4. r.<\/span><\/strong> &#8211;<br \/>\n&#8211; sistematski pregled za u\u010dence <strong><span style=\"color: #ff0000\">6. r.<\/span><\/strong> &#8211;<br \/>\n&#8211; sistematski pregled za u\u010dence <strong><span style=\"color: #ff0000\">8. r.<\/span><\/strong> &#8211;&nbsp;<strong><em><span style=\"color: #808080\"><br \/>\n<\/span><\/em><\/strong><\/p>\n<p><span style=\"color: #008000\"><span style=\"color: #000000\">Navodilo ZD \u010crnomelj: U\u010denci naj pridejo v Zdravstveni dom \u010crnomelj ob 8.00 zjutraj. S seboj naj imajo kartice zdravstvenega zavarovanja.<\/span><br \/>\n<\/span><strong>Za prevoz bo poskrbela \u0161ola. Star\u0161i boste pred pregledom ponovno obve\u0161\u010deni.<\/strong><\/p>\n","protected":false},"excerpt":{"rendered":"<p>Zdravstveno varstvo in zdrav na\u010din \u017eivljenja Za u\u010dence 2., 4., 6. in 8. r. so organizirani sistemati\u010dni zdravstveni pregledi. U\u010denci od 1. do 5. razreda lahko sodelujejo v \u0161\u010detkanju in \u017eeliranju zob, u\u010denci od 2. do 5. razreda pa lahko sodelujejo v Tekmovanju za \u010diste zobe. Tudi sicer vzpodbujamo zdrav na\u010din \u017eivljenja s tem, da: [&hellip;]<\/p>\n","protected":false},"author":1706,"featured_media":0,"parent":0,"menu_order":6,"comment_status":"closed","ping_status":"closed","template":"","meta":{"_et_pb_use_builder":"","_et_pb_old_content":"","_et_gb_content_width":"","ngg_post_thumbnail":0,"footnotes":"","_expiration-date-status":"","_expiration-date":0,"_expiration-date-type":"","_expiration-date-categories":[],"_expiration-date-options":[]},"class_list":["post-713","page","type-page","status-publish","hentry"],"_links":{"self":[{"href":"https:\/\/os-dragatus.splet.arnes.si\/index.php?rest_route=\/wp\/v2\/pages\/713","targetHints":{"allow":["GET"]}}],"collection":[{"href":"https:\/\/os-dragatus.splet.arnes.si\/index.php?rest_route=\/wp\/v2\/pages"}],"about":[{"href":"https:\/\/os-dragatus.splet.arnes.si\/index.php?rest_route=\/wp\/v2\/types\/page"}],"author":[{"embeddable":true,"href":"https:\/\/os-dragatus.splet.arnes.si\/index.php?rest_route=\/wp\/v2\/users\/1706"}],"replies":[{"embeddable":true,"href":"https:\/\/os-dragatus.splet.arnes.si\/index.php?rest_route=%2Fwp%2Fv2%2Fcomments&post=713"}],"version-history":[{"count":55,"href":"https:\/\/os-dragatus.splet.arnes.si\/index.php?rest_route=\/wp\/v2\/pages\/713\/revisions"}],"predecessor-version":[{"id":35387,"href":"https:\/\/os-dragatus.splet.arnes.si\/index.php?rest_route=\/wp\/v2\/pages\/713\/revisions\/35387"}],"wp:attachment":[{"href":"https:\/\/os-dragatus.splet.arnes.si\/index.php?rest_route=%2Fwp%2Fv2%2Fmedia&parent=713"}],"curies":[{"name":"wp","href":"https:\/\/api.w.org\/{rel}","templated":true}]}}