{"id":709,"date":"2014-12-19T22:17:57","date_gmt":"2014-12-19T21:17:57","guid":{"rendered":"http:\/\/os-dragatus.splet.arnes.si\/?page_id=709"},"modified":"2024-06-12T10:05:35","modified_gmt":"2024-06-12T08:05:35","slug":"ucbeniski-sklad","status":"publish","type":"page","link":"https:\/\/os-dragatus.splet.arnes.si\/?page_id=709","title":{"rendered":"U\u010dbeni\u0161ki sklad in \u0161olska gradiva"},"content":{"rendered":"<p><span style=\"color: #000000\">Na \u0161oli deluje u\u010dbeni\u0161ki sklad,&nbsp;<\/span>ki u\u010dencem od 4. do 9. razreda nudi mo\u017enost brezpla\u010dne izposoje u\u010dbenikov za redni pouk ter brezpla\u010dno delovno gradivo za u\u010dence 1., 2. in 3. razreda. U\u010dbenike razdelimo prvi teden pouka. U\u010dbeni\u0161ki sklad vodi Nata\u0161a Podhostnik.<\/p>\r\n<p><span style=\"color: #000000\">Seznam <strong>u\u010dbenikov, delovnih zvezkov in \u0161olskih potreb\u0161\u010din<\/strong> za&nbsp;<span style=\"color: #0000ff\"><span style=\"color: #008000\"><strong>\u0161olsko leto 2024\/2025<\/strong><\/span><span style=\"color: #000000\">:<br \/><\/span><\/span><br \/><a href=\"https:\/\/os-dragatus.splet.arnes.si\/files\/2024\/06\/zac-1.-razred_seznam-24-25-1.pdf\" target=\"_blank\" rel=\"noopener\">1. razred<\/a>&nbsp; &nbsp; &nbsp; &nbsp;<a href=\"https:\/\/os-dragatus.splet.arnes.si\/files\/2024\/06\/zac-2.-razred_seznam-24-25-1.pdf\" target=\"_blank\" rel=\"noopener\">2. razred<\/a>&nbsp; &nbsp; &nbsp;<a href=\"https:\/\/os-dragatus.splet.arnes.si\/files\/2024\/06\/zac-3.-razred_seznami-24-25-1.pdf\" target=\"_blank\" rel=\"noopener\">3. razred<\/a>&nbsp; &nbsp; &nbsp;<a href=\"https:\/\/os-dragatus.splet.arnes.si\/files\/2024\/06\/zac-4.-razred_seznam-24-25-1.pdf\" target=\"_blank\" rel=\"noopener\">4. razred<\/a>&nbsp; &nbsp; &nbsp;<a href=\"https:\/\/os-dragatus.splet.arnes.si\/files\/2024\/06\/zac-5.-razred_seznam-24-25-1.pdf\" target=\"_blank\" rel=\"noopener\">5. razred<\/a><br \/><br \/><a href=\"https:\/\/os-dragatus.splet.arnes.si\/files\/2024\/06\/zac-6.-razred_seznam-24-25-1.pdf\" target=\"_blank\" rel=\"noopener\">6. razred<\/a>&nbsp; &nbsp; &nbsp; &nbsp;<a href=\"https:\/\/os-dragatus.splet.arnes.si\/files\/2024\/06\/zac-7.-razred_seznam-24-25-1.pdf\" target=\"_blank\" rel=\"noopener\">7. razred<\/a>&nbsp; &nbsp; &nbsp;<a href=\"https:\/\/os-dragatus.splet.arnes.si\/files\/2024\/06\/zac-8.-razred_seznam-24-25-1.pdf\" target=\"_blank\" rel=\"noopener\">8. razred<\/a>&nbsp; &nbsp; &nbsp;<a href=\"https:\/\/os-dragatus.splet.arnes.si\/files\/2024\/06\/zac-9.-razred_seznam-24-25-1.pdf\" target=\"_blank\" rel=\"noopener\">9. razred<\/a><\/span><\/p>\r\n<p>Vso gradivo, ki ga kupite star\u0161i, lahko naro\u010dite tudi preko spleta. Do spletnih povezav zalo\u017eb do delovnih zvezkov in potreb\u0161\u010din dostopate <a href=\"https:\/\/os-dragatus.splet.arnes.si\/files\/2024\/06\/zac-povezave_zalozbe-1.pdf\" target=\"_blank\" rel=\"noopener\">tukaj<\/a>.<\/p>\r\n","protected":false},"excerpt":{"rendered":"<p>Na \u0161oli deluje u\u010dbeni\u0161ki sklad,&nbsp;ki u\u010dencem od 4. do 9. razreda nudi mo\u017enost brezpla\u010dne izposoje u\u010dbenikov za redni pouk ter brezpla\u010dno delovno gradivo za u\u010dence 1., 2. in 3. razreda. U\u010dbenike razdelimo prvi teden pouka. U\u010dbeni\u0161ki sklad vodi Nata\u0161a Podhostnik. Seznam u\u010dbenikov, delovnih zvezkov in \u0161olskih potreb\u0161\u010din za&nbsp;\u0161olsko leto 2024\/2025:1. razred&nbsp; &nbsp; &nbsp; &nbsp;2. razred&nbsp; [&hellip;]<\/p>\n","protected":false},"author":1706,"featured_media":0,"parent":0,"menu_order":2,"comment_status":"closed","ping_status":"closed","template":"","meta":{"_et_pb_use_builder":"","_et_pb_old_content":"","_et_gb_content_width":"","ngg_post_thumbnail":0,"footnotes":"","_expiration-date-status":"","_expiration-date":0,"_expiration-date-type":"","_expiration-date-categories":[],"_expiration-date-options":[]},"class_list":["post-709","page","type-page","status-publish","hentry"],"_links":{"self":[{"href":"https:\/\/os-dragatus.splet.arnes.si\/index.php?rest_route=\/wp\/v2\/pages\/709","targetHints":{"allow":["GET"]}}],"collection":[{"href":"https:\/\/os-dragatus.splet.arnes.si\/index.php?rest_route=\/wp\/v2\/pages"}],"about":[{"href":"https:\/\/os-dragatus.splet.arnes.si\/index.php?rest_route=\/wp\/v2\/types\/page"}],"author":[{"embeddable":true,"href":"https:\/\/os-dragatus.splet.arnes.si\/index.php?rest_route=\/wp\/v2\/users\/1706"}],"replies":[{"embeddable":true,"href":"https:\/\/os-dragatus.splet.arnes.si\/index.php?rest_route=%2Fwp%2Fv2%2Fcomments&post=709"}],"version-history":[{"count":31,"href":"https:\/\/os-dragatus.splet.arnes.si\/index.php?rest_route=\/wp\/v2\/pages\/709\/revisions"}],"predecessor-version":[{"id":35066,"href":"https:\/\/os-dragatus.splet.arnes.si\/index.php?rest_route=\/wp\/v2\/pages\/709\/revisions\/35066"}],"wp:attachment":[{"href":"https:\/\/os-dragatus.splet.arnes.si\/index.php?rest_route=%2Fwp%2Fv2%2Fmedia&parent=709"}],"curies":[{"name":"wp","href":"https:\/\/api.w.org\/{rel}","templated":true}]}}