{"id":707,"date":"2014-12-19T22:16:20","date_gmt":"2014-12-19T21:16:20","guid":{"rendered":"http:\/\/os-dragatus.splet.arnes.si\/?page_id=707"},"modified":"2020-07-16T21:35:46","modified_gmt":"2020-07-16T19:35:46","slug":"easistent","status":"publish","type":"page","link":"https:\/\/os-dragatus.splet.arnes.si\/?page_id=707","title":{"rendered":"eAsistent"},"content":{"rendered":"<p>Od 1. 9. 2014 v na\u0161i \u0161oli uporabljamo storitev <strong>eAsistent<\/strong> podjetja <a href=\"https:\/\/www.easistent.com\/o_podjetju\" target=\"_blank\">e\u0160ola d.o.o<\/a>.<\/p>\n<p>Kaj je storitev eAsistent? Gre za elektronski dnevnik, elektronsko redovalnico ter vse ostale spremljajo\u010de storitve, ki jih uporabljamo v pedago\u0161kem procesu. S tem smo nadomestili dosedanje tiskane verzije.<\/p>\n<p>Zakaj? Star\u0161i tako dobivate ve\u010d informacij v \u0161oli na govorilnih urah ali pa neposredno preko spletne aplikacije, \u010de ste se za to odlo\u010dili. V \u0161oli pa smo dobili bolj\u0161i pregled nad dogajanjem, na\u010drtovanje dela je bolj u\u010dinkovito, odpravili smo podvojevanje dela, zmanj\u0161ali \u0161tevilo napak in prihranili \u010das.<\/p>\n<p>V \u0161oli se trudimo, da do vseh bistvenih podatkov (napoved pisnih preizkusov znanja, doma\u010de naloge, napoved \u0161olskih dejavnosti itd.) lahko dostopate preko na\u0161ih spletnih strani.<\/p>\n<p><strong>Tudi star\u0161i lahko uporabljate eAsistent.<\/strong><br \/>\nZ eAsistentom je osebni stik s \u0161olo la\u017eji, hitrej\u0161i in bolj preprost. eAsistent za star\u0161e je v osnovi brezpla\u010dno orodje, ki vam z manj truda pomaga vzpostaviti in vzdr\u017eevati stik s \u0161olo, ki jo obiskuje va\u0161 otrok. Kaj vam nudi?<\/p>\n<ul>\n<li>S sporo\u010dili lahko komunicirate s \u0161olo<i class=\"icon-govorilne-modra\"><\/i><\/li>\n<li>Dogovorite se za termine govorilnih ur<i class=\"icon-prehrana-modra\"><\/i><\/li>\n<li>Preprosto urejajte \u0161olsko prehrano<\/li>\n<li>Pregled urnika<\/li>\n<\/ul>\n<p>Za ve\u010d informacij kliknite <a href=\"https:\/\/www.easistent.com\/starsi\" target=\"_blank\">tukaj<\/a>.<\/p>\n","protected":false},"excerpt":{"rendered":"<p>Od 1. 9. 2014 v na\u0161i \u0161oli uporabljamo storitev eAsistent podjetja e\u0160ola d.o.o. Kaj je storitev eAsistent? Gre za elektronski dnevnik, elektronsko redovalnico ter vse ostale spremljajo\u010de storitve, ki jih uporabljamo v pedago\u0161kem procesu. S tem smo nadomestili dosedanje tiskane verzije. Zakaj? Star\u0161i tako dobivate ve\u010d informacij v \u0161oli na govorilnih urah ali pa neposredno [&hellip;]<\/p>\n","protected":false},"author":1706,"featured_media":0,"parent":0,"menu_order":13,"comment_status":"closed","ping_status":"closed","template":"","meta":{"_et_pb_use_builder":"","_et_pb_old_content":"","_et_gb_content_width":"","ngg_post_thumbnail":0,"footnotes":"","_expiration-date-status":"saved","_expiration-date":0,"_expiration-date-type":"","_expiration-date-categories":[],"_expiration-date-options":[]},"class_list":["post-707","page","type-page","status-publish","hentry"],"_links":{"self":[{"href":"https:\/\/os-dragatus.splet.arnes.si\/index.php?rest_route=\/wp\/v2\/pages\/707","targetHints":{"allow":["GET"]}}],"collection":[{"href":"https:\/\/os-dragatus.splet.arnes.si\/index.php?rest_route=\/wp\/v2\/pages"}],"about":[{"href":"https:\/\/os-dragatus.splet.arnes.si\/index.php?rest_route=\/wp\/v2\/types\/page"}],"author":[{"embeddable":true,"href":"https:\/\/os-dragatus.splet.arnes.si\/index.php?rest_route=\/wp\/v2\/users\/1706"}],"replies":[{"embeddable":true,"href":"https:\/\/os-dragatus.splet.arnes.si\/index.php?rest_route=%2Fwp%2Fv2%2Fcomments&post=707"}],"version-history":[{"count":7,"href":"https:\/\/os-dragatus.splet.arnes.si\/index.php?rest_route=\/wp\/v2\/pages\/707\/revisions"}],"predecessor-version":[{"id":24349,"href":"https:\/\/os-dragatus.splet.arnes.si\/index.php?rest_route=\/wp\/v2\/pages\/707\/revisions\/24349"}],"wp:attachment":[{"href":"https:\/\/os-dragatus.splet.arnes.si\/index.php?rest_route=%2Fwp%2Fv2%2Fmedia&parent=707"}],"curies":[{"name":"wp","href":"https:\/\/api.w.org\/{rel}","templated":true}]}}