{"id":704,"date":"2014-12-19T22:10:46","date_gmt":"2014-12-19T21:10:46","guid":{"rendered":"http:\/\/os-dragatus.splet.arnes.si\/?page_id=704"},"modified":"2025-09-19T13:46:42","modified_gmt":"2025-09-19T11:46:42","slug":"prevozi","status":"publish","type":"page","link":"https:\/\/os-dragatus.splet.arnes.si\/?page_id=704","title":{"rendered":"Prevozi"},"content":{"rendered":"<p><span style=\"color: #000000\">\u0160olske prevoze opravljata prevoznik MPOV d.o.o. Vinica in hi\u0161nik g. Anton Jur\u0161ak.<\/span><br \/>\n<span style=\"color: #000000\">Zjutraj je en dovoz z avtobusom in en s \u0161olskim kombijem ter trije razvozi po pouku &#8211; dva z avtobusom ter en s \u0161olskim kombijem. Kombi vozi samo tiste u\u010denci, ki so do tega upravi\u010deni. Ostali morajo na \u0161olski avtobus.<\/span><\/p>\n<p><span style=\"color: #000000\"><strong>PRIDR\u017dUJEMO SI PRAVICO DO SPREMEMBE VOZNIH REDOV ZA POSAMEZNE DNEVE ZARADI OBJEKTIVNIH OKOLI\u0160\u010cIN! STAR\u0160E BOMO O SPREMEMBAH PREDHODNO OBVESTILI!<\/strong><\/span><\/p>\n<p><strong><span style=\"color: #993300\"><span style=\"color: #ff0000\">\u010ce ne bo kak\u0161nih sprememb v normativih avtobusnih in kombi prevozov, bi lahko pri\u0161lo do motenj pri prevozih. V dogovoru s prevoznikom se bomo trudili, da bodo prevozi potekali \u010dim bolj teko\u010de. V primeru potrebe po spremembi urnika prevozov, vas bomo o tem pravo\u010dasno obvestili.&nbsp;<\/span><\/span><\/strong><\/p>\n<p><strong>DOVOZ v \u0161olo \u2013 AVTOBUS iz smeri Suhor<\/strong><br \/>\n6:30 \u2013 Gornji Suhor (pri odcepu za Burgarje)<br \/>\n6:33 \u2013 Dolenji Suhor (pri Kobeti\u010devih)<br \/>\n6:36 \u2013 Bel\u010dji Vrh (pri Drenovcih)<br \/>\n6:37 &#8211; Kne\u017eina<br \/>\n6:42 &#8211; \u010cre\u0161njevec<br \/>\n6:44 \u2013 Mala Lahinja (pri kapelici)<br \/>\n6:47 \u2013 Mali Nerajec (znotraj vasi)<br \/>\n6:50 \u2013 Veliki Nerajec (odcep pri Adamovih)<br \/>\n6:53 \u2013 Pusti Gradec<br \/>\n6:55 \u2013 Dragatu\u0161<\/p>\n<p><strong>DOVOZ v \u0161olo \u2013 AVTOBUS iz smeri Kvasica<\/strong><br \/>\n7:00 \u2013 Kvasica (pri \u0160tajdoharjevih)<br \/>\n7:02 \u2013 pri gostilni \u0160pec<br \/>\n7:03 \u2013 Dragovanja vas (postaja na Kvasici)<br \/>\n7:04 \u2013 Kvasica (pri odcepu za Tan\u010do Goro)<br \/>\n7:06 \u2013 Tan\u010da Gora (pri odcepu za Drabove)<br \/>\n7:08 \u2013 Tan\u010da Gora (pri kapelici)<br \/>\n7:13 \u2013 Sela (pri Ka\u010d Lamutovih)<br \/>\n7:14 \u2013 Golek (pri cerkvi)<br \/>\n7:16 \u2013 Sela 13<br \/>\n7:18 \u2013 Sela (pri kri\u017eu)<br \/>\n7:22 \u2013 Dragatu\u0161<\/p>\n<p><strong>1. RAZVOZ \u2013 13:20<\/strong><br \/>\n13:20 \u2013 Pusti Gradec, Nerajec, \u010cre\u0161njevec, Bel\u010dji Vrh, Suhor<br \/>\n13:50 \u2013 Tan\u010da Gora, Sela, Golek, Dragovanja vas in Kvasica<\/p>\n<p><strong>2. RAZVOZ \u2013 14:55<\/strong><br \/>\n14:55 \u2013 smer Kvasica<br \/>\n15:05 \u2013 smer Suhor<\/p>\n<p><span style=\"color: #993300\"><strong>RAZVOZ iz \u0161ole &#8211; KOMBI<\/strong>&nbsp;<\/span><\/p>\n<table width=\"534\">\n<tbody>\n<tr>\n<td>&nbsp;<\/td>\n<td style=\"text-align: center\"><strong>PON<\/strong><\/td>\n<td style=\"text-align: center\"><strong>TOR<\/strong><\/td>\n<td style=\"text-align: center\"><strong>SRE<\/strong><\/td>\n<td style=\"text-align: center\"><strong>\u010cET<\/strong><\/td>\n<td style=\"text-align: center\"><strong>PET<\/strong><\/td>\n<\/tr>\n<tr>\n<td><strong>Brdarci &#8211; \u0160ipek<\/strong><\/td>\n<td style=\"text-align: center\">13:10<\/td>\n<td style=\"text-align: center\">13:10<\/td>\n<td style=\"text-align: center\">13:10<\/td>\n<td style=\"text-align: center\">13:10<\/td>\n<td style=\"text-align: center\">13:10<\/td>\n<\/tr>\n<tr>\n<td><strong>Obrh<\/strong><\/td>\n<td style=\"text-align: center\">13:20<\/td>\n<td style=\"text-align: center\">13:20<\/td>\n<td style=\"text-align: center\">13:20<\/td>\n<td style=\"text-align: center\">13:20<\/td>\n<td style=\"text-align: center\">13:20<\/td>\n<\/tr>\n<tr>\n<td><strong>Finki &#8211; Breznik<\/strong><\/td>\n<td style=\"text-align: center\">13:26<\/td>\n<td style=\"text-align: center\">13:26<\/td>\n<td style=\"text-align: center\">13:26<\/td>\n<td style=\"text-align: center\">13:26<\/td>\n<td style=\"text-align: center\">13:26<\/td>\n<\/tr>\n<tr>\n<td><strong>Zapudje<\/strong><\/td>\n<td style=\"text-align: center\">14:05<\/td>\n<td style=\"text-align: center\">14:05<\/td>\n<td style=\"text-align: center\">14:05<\/td>\n<td style=\"text-align: center\">14:05<\/td>\n<td style=\"text-align: center\">14:05<\/td>\n<\/tr>\n<\/tbody>\n<\/table>\n<p><span style=\"color: #993300\"><strong>VARSTVO VOZA\u010cEV<\/strong><\/span><\/p>\n<p><span style=\"color: #000000\">V jutranjem \u010dasu (6.30\u20137.30) je za u\u010dence 1. razreda in u\u010dence voza\u010de organizirano varstvo, po pouku pa v \u010dasu 5., 6., 7. in 8. ure pouka.<\/span><\/p>\n<p><span style=\"color: #993300\"><strong>VARNOST U\u010cENCEV<\/strong><\/span><\/p>\n<p align=\"justify\"><span style=\"color: #000000\">\u0160ola je dol\u017ena zagotoviti varnost u\u010dencev. To dosegamo z razli\u010dnimi aktivnostmi, tudi na podro\u010dju prometne varnosti. Pri tem nam je v veliko pomo\u010d policist na\u0161ega \u0161olskega okoli\u0161a, ki z u\u010denci opravi vsako leto nekaj delavnic in pogovorov.<\/span><\/p>\n<p align=\"justify\"><span style=\"color: #000000\">\u0160ola ima izdelan Prometno-varnostni na\u010drt, ki ga vsako leto posodobimo in izpopolnimo. Na strani <a style=\"color: #000000\" href=\"https:\/\/os-dragatus.splet.arnes.si\/?page_id=27085\">Varne \u0161olske poti<\/a> (<strong>2024\/2025<\/strong>) si oglejte poti, ki jih prehodijo u\u010denci od doma do postajali\u0161\u010da kombija ali avtobusa.<\/span><br \/>\n<span style=\"color: #000000\">Tudi v tem \u0161olskem letu bomo organizirali kolesarske izpite za peto\u0161olce.<\/span><\/p>\n<p align=\"justify\"><span style=\"color: #000000\">Posebno skrb posve\u010damo u\u010dencem 1. razreda, ki morajo imeti za spremstvo na poti v \u0161olo in iz nje odraslo osebo ali u\u010denca, starej\u0161ega od 10 let, \u010de to dovolijo star\u0161i oziroma skrbniki.<\/span><\/p>\n<p><span style=\"color: #000000\">Preberite si <a href=\"https:\/\/os-dragatus.splet.arnes.si\/files\/2025\/09\/prometno-varnostni-nacrt-Dragatus-2025-26.pdf\"><strong>Na\u010drt varnih poti v \u0161olskem okoli\u0161u O\u0160 Dragatu\u0161 2025\/2026<\/strong><\/a><\/span><\/p>\n","protected":false},"excerpt":{"rendered":"<p>\u0160olske prevoze opravljata prevoznik MPOV d.o.o. Vinica in hi\u0161nik g. Anton Jur\u0161ak. Zjutraj je en dovoz z avtobusom in en s \u0161olskim kombijem ter trije razvozi po pouku &#8211; dva z avtobusom ter en s \u0161olskim kombijem. Kombi vozi samo tiste u\u010denci, ki so do tega upravi\u010deni. Ostali morajo na \u0161olski avtobus. PRIDR\u017dUJEMO SI PRAVICO [&hellip;]<\/p>\n","protected":false},"author":1706,"featured_media":0,"parent":0,"menu_order":36,"comment_status":"closed","ping_status":"closed","template":"","meta":{"_et_pb_use_builder":"","_et_pb_old_content":"","_et_gb_content_width":"","ngg_post_thumbnail":0,"footnotes":"","_expiration-date-status":"","_expiration-date":0,"_expiration-date-type":"","_expiration-date-categories":[],"_expiration-date-options":[]},"class_list":["post-704","page","type-page","status-publish","hentry"],"_links":{"self":[{"href":"https:\/\/os-dragatus.splet.arnes.si\/index.php?rest_route=\/wp\/v2\/pages\/704","targetHints":{"allow":["GET"]}}],"collection":[{"href":"https:\/\/os-dragatus.splet.arnes.si\/index.php?rest_route=\/wp\/v2\/pages"}],"about":[{"href":"https:\/\/os-dragatus.splet.arnes.si\/index.php?rest_route=\/wp\/v2\/types\/page"}],"author":[{"embeddable":true,"href":"https:\/\/os-dragatus.splet.arnes.si\/index.php?rest_route=\/wp\/v2\/users\/1706"}],"replies":[{"embeddable":true,"href":"https:\/\/os-dragatus.splet.arnes.si\/index.php?rest_route=%2Fwp%2Fv2%2Fcomments&post=704"}],"version-history":[{"count":15,"href":"https:\/\/os-dragatus.splet.arnes.si\/index.php?rest_route=\/wp\/v2\/pages\/704\/revisions"}],"predecessor-version":[{"id":39487,"href":"https:\/\/os-dragatus.splet.arnes.si\/index.php?rest_route=\/wp\/v2\/pages\/704\/revisions\/39487"}],"wp:attachment":[{"href":"https:\/\/os-dragatus.splet.arnes.si\/index.php?rest_route=%2Fwp%2Fv2%2Fmedia&parent=704"}],"curies":[{"name":"wp","href":"https:\/\/api.w.org\/{rel}","templated":true}]}}