{"id":700,"date":"2014-12-19T10:06:59","date_gmt":"2014-12-19T09:06:59","guid":{"rendered":"http:\/\/os-dragatus.splet.arnes.si\/?page_id=700"},"modified":"2025-10-09T13:21:10","modified_gmt":"2025-10-09T11:21:10","slug":"roditeljski-sestanki","status":"publish","type":"page","link":"https:\/\/os-dragatus.splet.arnes.si\/?page_id=700","title":{"rendered":"Roditeljski sestanki"},"content":{"rendered":"<p><strong>september 2025<br \/><\/strong>&#8211; uvodni roditeljski sestanek<br \/>&nbsp;<\/p>\r\n<p><strong>januar 2026<br \/><\/strong>&#8211; poklicno svetovanje (samo za 9. r.)<br \/>&nbsp;<\/p>\r\n<p><strong>februar 2026<br \/><\/strong>&#8211; tematski roditeljski sestanek z analizo vzgojno-izobra\u017eevalnega dela v oddelku<br \/>&nbsp;<\/p>\r\n<p><strong>datum po dogovoru<br \/><\/strong>&#8211; razredni roditeljski sestanek po dogovoru s star\u0161i&nbsp;<\/p>\r\n<p>V mesecu oktobru bomo za u\u010dence in njihove star\u0161e organizirali kostanjev piknik, ki spodbuja sodelovanje, spro\u0161\u010deno dru\u017eenje in krepitev vezi med \u0161olo in dru\u017einami.<\/p>\r\n<p>&nbsp;<\/p>\r\n","protected":false},"excerpt":{"rendered":"<p>september 2025&#8211; uvodni roditeljski sestanek&nbsp; januar 2026&#8211; poklicno svetovanje (samo za 9. r.)&nbsp; februar 2026&#8211; tematski roditeljski sestanek z analizo vzgojno-izobra\u017eevalnega dela v oddelku&nbsp; datum po dogovoru&#8211; razredni roditeljski sestanek po dogovoru s star\u0161i&nbsp; V mesecu oktobru bomo za u\u010dence in njihove star\u0161e organizirali kostanjev piknik, ki spodbuja sodelovanje, spro\u0161\u010deno dru\u017eenje in krepitev vezi med [&hellip;]<\/p>\n","protected":false},"author":1706,"featured_media":0,"parent":0,"menu_order":39,"comment_status":"closed","ping_status":"closed","template":"","meta":{"_et_pb_use_builder":"","_et_pb_old_content":"","_et_gb_content_width":"","ngg_post_thumbnail":0,"footnotes":"","_expiration-date-status":"","_expiration-date":0,"_expiration-date-type":"","_expiration-date-categories":[],"_expiration-date-options":[]},"class_list":["post-700","page","type-page","status-publish","hentry"],"_links":{"self":[{"href":"https:\/\/os-dragatus.splet.arnes.si\/index.php?rest_route=\/wp\/v2\/pages\/700","targetHints":{"allow":["GET"]}}],"collection":[{"href":"https:\/\/os-dragatus.splet.arnes.si\/index.php?rest_route=\/wp\/v2\/pages"}],"about":[{"href":"https:\/\/os-dragatus.splet.arnes.si\/index.php?rest_route=\/wp\/v2\/types\/page"}],"author":[{"embeddable":true,"href":"https:\/\/os-dragatus.splet.arnes.si\/index.php?rest_route=\/wp\/v2\/users\/1706"}],"replies":[{"embeddable":true,"href":"https:\/\/os-dragatus.splet.arnes.si\/index.php?rest_route=%2Fwp%2Fv2%2Fcomments&post=700"}],"version-history":[{"count":15,"href":"https:\/\/os-dragatus.splet.arnes.si\/index.php?rest_route=\/wp\/v2\/pages\/700\/revisions"}],"predecessor-version":[{"id":39637,"href":"https:\/\/os-dragatus.splet.arnes.si\/index.php?rest_route=\/wp\/v2\/pages\/700\/revisions\/39637"}],"wp:attachment":[{"href":"https:\/\/os-dragatus.splet.arnes.si\/index.php?rest_route=%2Fwp%2Fv2%2Fmedia&parent=700"}],"curies":[{"name":"wp","href":"https:\/\/api.w.org\/{rel}","templated":true}]}}