{"id":696,"date":"2014-12-19T10:03:54","date_gmt":"2014-12-19T09:03:54","guid":{"rendered":"http:\/\/os-dragatus.splet.arnes.si\/?page_id=696"},"modified":"2025-10-09T13:12:36","modified_gmt":"2025-10-09T11:12:36","slug":"nacionalno-preverjanje-znanja","status":"publish","type":"page","link":"https:\/\/os-dragatus.splet.arnes.si\/?page_id=696","title":{"rendered":"Nacionalno preverjanje znanja"},"content":{"rendered":"<p>Nacionalno preverjanje znanja je obvezno za u\u010dence 3., 6. in 9. razreda.<\/p>\n<h4 data-start=\"358\" data-end=\"440\"><strong data-start=\"361\" data-end=\"440\">KOLEDAR AKTIVNOSTI NACIONALNEGA PREVERJANJA ZNANJA ZA \u0160OLSKO LETO 2025\/2026<\/strong><\/h4>\n<p data-start=\"442\" data-end=\"720\"><strong data-start=\"442\" data-end=\"476\">1. september 2025 (ponedeljek)<\/strong> \u2013 objava sklepa o izboru predmetov in dolo\u010ditvi tretjega predmeta, iz katerega bodo u\u010denci 9. razreda opravljali NPZ.<br data-start=\"594\" data-end=\"597\"\/><strong data-start=\"597\" data-end=\"624\">16. januar 2026 (petek)<\/strong> \u2013 zadnji rok za posredovanje podatkov o u\u010dencih 3., 6. in 9. razreda, ki bodo opravljali NPZ.<\/p>\n<p data-start=\"722\" data-end=\"1021\"><strong data-start=\"722\" data-end=\"753\">23. marec 2026 (ponedeljek)<\/strong> \u2013 NPZ iz sloven\u0161\u010dine za u\u010dence 3., 6. in 9. razreda.<br data-start=\"806\" data-end=\"809\"\/><strong data-start=\"809\" data-end=\"835\">25. marec 2026 (sreda)<\/strong> \u2013 NPZ iz tujega jezika za u\u010dence 6. razreda in NPZ iz tretjega predmeta (kemije) za u\u010dence 9. razreda.<br data-start=\"938\" data-end=\"941\"\/><strong data-start=\"941\" data-end=\"967\">31. marec 2026 (torek)<\/strong> \u2013 NPZ iz matematike za u\u010dence 3., 6. in 9. razreda.<\/p>\n<p data-start=\"1023\" data-end=\"1228\"><strong data-start=\"1023\" data-end=\"1061\">21.\u201323. april 2026 (torek\u2013\u010detrtek)<\/strong> \u2013 RIC posreduje \u0161olam ovrednotene preizkuse znanja z dose\u017eki u\u010dencev 9. razreda pri NPZ, seznanitev u\u010dencev z dose\u017eki ter mo\u017enost vpogleda in ponovnega vrednotenja.<\/p>\n<p data-start=\"1230\" data-end=\"1434\"><strong data-start=\"1230\" data-end=\"1267\">4.\u20136. maj 2026 (ponedeljek\u2013sreda)<\/strong> \u2013 RIC posreduje \u0161olam ovrednotene preizkuse znanja z dose\u017eki u\u010dencev 6. razreda pri NPZ, seznanitev u\u010dencev z dose\u017eki ter mo\u017enost vpogleda in ponovnega vrednotenja.<\/p>\n<p data-start=\"1436\" data-end=\"1643\"><strong data-start=\"1436\" data-end=\"1476\">7.\u201311. maj 2026 (\u010detrtek\u2013ponedeljek)<\/strong> \u2013 RIC posreduje \u0161olam ovrednotene preizkuse znanja z dose\u017eki u\u010dencev 3. razreda pri NPZ, seznanitev u\u010dencev z dose\u017eki ter mo\u017enost vpogleda in ponovnega vrednotenja.<\/p>\n<p data-start=\"1645\" data-end=\"2000\"><strong data-start=\"1645\" data-end=\"1669\">12. maj 2026 (torek)<\/strong> \u2013 RIC posreduje \u0161olam spremembe dose\u017ekov po ponovnem vrednotenju nalog v NPZ za 9. razred.<br data-start=\"1760\" data-end=\"1763\"\/><strong data-start=\"1763\" data-end=\"1789\">14. maj 2026 (\u010detrtek)<\/strong> \u2013 RIC posreduje \u0161olam spremembe dose\u017ekov po ponovnem vrednotenju nalog v NPZ za 6. razred.<br data-start=\"1880\" data-end=\"1883\"\/><strong data-start=\"1883\" data-end=\"1907\">20. maj 2026 (sreda)<\/strong> \u2013 RIC posreduje \u0161olam spremembe dose\u017ekov po ponovnem vrednotenju nalog v NPZ za 3. razred.<\/p>\n<p data-start=\"2002\" data-end=\"2207\"><strong data-start=\"2002\" data-end=\"2033\">15. junij 2026 (ponedeljek)<\/strong> \u2013 razdelitev zaklju\u010dnih spri\u010deval z dose\u017eki pri NPZ za u\u010dence 9. razreda.<br data-start=\"2107\" data-end=\"2110\"\/><strong data-start=\"2110\" data-end=\"2136\">24. junij 2026 (sreda)<\/strong> \u2013 razdelitev obvestil o dose\u017ekih pri NPZ za u\u010dence 3. in 6. razreda.<\/p>\n<p>&nbsp;<\/p>\n<p><a href=\"http:\/\/www.ric.si\/\" target=\"_blank\" rel=\"noopener noreferrer\">DR\u017dAVNI IZPITNI CENTER&#8230;<\/a><\/p>\n","protected":false},"excerpt":{"rendered":"<p>Nacionalno preverjanje znanja je obvezno za u\u010dence 3., 6. in 9. razreda. KOLEDAR AKTIVNOSTI NACIONALNEGA PREVERJANJA ZNANJA ZA \u0160OLSKO LETO 2025\/2026 1. september 2025 (ponedeljek) \u2013 objava sklepa o izboru predmetov in dolo\u010ditvi tretjega predmeta, iz katerega bodo u\u010denci 9. razreda opravljali NPZ.16. januar 2026 (petek) \u2013 zadnji rok za posredovanje podatkov o u\u010dencih 3., [&hellip;]<\/p>\n","protected":false},"author":1706,"featured_media":0,"parent":0,"menu_order":22,"comment_status":"closed","ping_status":"closed","template":"","meta":{"_et_pb_use_builder":"","_et_pb_old_content":"","_et_gb_content_width":"","ngg_post_thumbnail":0,"footnotes":"","_expiration-date-status":"","_expiration-date":0,"_expiration-date-type":"","_expiration-date-categories":[],"_expiration-date-options":[]},"class_list":["post-696","page","type-page","status-publish","hentry"],"_links":{"self":[{"href":"https:\/\/os-dragatus.splet.arnes.si\/index.php?rest_route=\/wp\/v2\/pages\/696","targetHints":{"allow":["GET"]}}],"collection":[{"href":"https:\/\/os-dragatus.splet.arnes.si\/index.php?rest_route=\/wp\/v2\/pages"}],"about":[{"href":"https:\/\/os-dragatus.splet.arnes.si\/index.php?rest_route=\/wp\/v2\/types\/page"}],"author":[{"embeddable":true,"href":"https:\/\/os-dragatus.splet.arnes.si\/index.php?rest_route=\/wp\/v2\/users\/1706"}],"replies":[{"embeddable":true,"href":"https:\/\/os-dragatus.splet.arnes.si\/index.php?rest_route=%2Fwp%2Fv2%2Fcomments&post=696"}],"version-history":[{"count":15,"href":"https:\/\/os-dragatus.splet.arnes.si\/index.php?rest_route=\/wp\/v2\/pages\/696\/revisions"}],"predecessor-version":[{"id":39634,"href":"https:\/\/os-dragatus.splet.arnes.si\/index.php?rest_route=\/wp\/v2\/pages\/696\/revisions\/39634"}],"wp:attachment":[{"href":"https:\/\/os-dragatus.splet.arnes.si\/index.php?rest_route=%2Fwp%2Fv2%2Fmedia&parent=696"}],"curies":[{"name":"wp","href":"https:\/\/api.w.org\/{rel}","templated":true}]}}