{"id":669,"date":"2014-12-19T09:23:39","date_gmt":"2014-12-19T08:23:39","guid":{"rendered":"http:\/\/os-dragatus.splet.arnes.si\/?page_id=669"},"modified":"2025-09-09T14:37:21","modified_gmt":"2025-09-09T12:37:21","slug":"branje","status":"publish","type":"page","link":"https:\/\/os-dragatus.splet.arnes.si\/?page_id=669","title":{"rendered":"Branje"},"content":{"rendered":"<p><a href=\"https:\/\/os-dragatus.splet.arnes.si\/files\/2025\/09\/Seznam-knjig-BZ-in-DB-25-26.pdf\">Seznam knjig za bralno zna\u010dko in doma\u010de branje v \u0161olskem letu 2025\/2026 (klik za ogled)<\/a><\/p>\n","protected":false},"excerpt":{"rendered":"<p>Seznam knjig za bralno zna\u010dko in doma\u010de branje v \u0161olskem letu 2025\/2026 (klik za ogled)<\/p>\n","protected":false},"author":1706,"featured_media":0,"parent":0,"menu_order":8,"comment_status":"closed","ping_status":"closed","template":"","meta":{"_et_pb_use_builder":"","_et_pb_old_content":"","_et_gb_content_width":"","ngg_post_thumbnail":0,"footnotes":"","_expiration-date-status":"","_expiration-date":0,"_expiration-date-type":"","_expiration-date-categories":[],"_expiration-date-options":[]},"class_list":["post-669","page","type-page","status-publish","hentry"],"_links":{"self":[{"href":"https:\/\/os-dragatus.splet.arnes.si\/index.php?rest_route=\/wp\/v2\/pages\/669","targetHints":{"allow":["GET"]}}],"collection":[{"href":"https:\/\/os-dragatus.splet.arnes.si\/index.php?rest_route=\/wp\/v2\/pages"}],"about":[{"href":"https:\/\/os-dragatus.splet.arnes.si\/index.php?rest_route=\/wp\/v2\/types\/page"}],"author":[{"embeddable":true,"href":"https:\/\/os-dragatus.splet.arnes.si\/index.php?rest_route=\/wp\/v2\/users\/1706"}],"replies":[{"embeddable":true,"href":"https:\/\/os-dragatus.splet.arnes.si\/index.php?rest_route=%2Fwp%2Fv2%2Fcomments&post=669"}],"version-history":[{"count":15,"href":"https:\/\/os-dragatus.splet.arnes.si\/index.php?rest_route=\/wp\/v2\/pages\/669\/revisions"}],"predecessor-version":[{"id":39437,"href":"https:\/\/os-dragatus.splet.arnes.si\/index.php?rest_route=\/wp\/v2\/pages\/669\/revisions\/39437"}],"wp:attachment":[{"href":"https:\/\/os-dragatus.splet.arnes.si\/index.php?rest_route=%2Fwp%2Fv2%2Fmedia&parent=669"}],"curies":[{"name":"wp","href":"https:\/\/api.w.org\/{rel}","templated":true}]}}