{"id":659,"date":"2014-12-18T21:48:08","date_gmt":"2014-12-18T20:48:08","guid":{"rendered":"http:\/\/os-dragatus.splet.arnes.si\/?page_id=659"},"modified":"2025-10-09T12:43:58","modified_gmt":"2025-10-09T10:43:58","slug":"interesne-dejavnosti","status":"publish","type":"page","link":"https:\/\/os-dragatus.splet.arnes.si\/?page_id=659","title":{"rendered":"Interesne dejavnosti"},"content":{"rendered":"<p>V \u0161olskem letu <strong>2025\/26<\/strong> ponujamo naslednje interesne dejavnosti:<\/p>\n<table style=\"width: 686px;border-style: solid;height: 831px\" border=\"1\" width=\"564\">\n<tbody>\n<tr style=\"height: 23px\">\n<td style=\"width: 676px;height: 23px\" colspan=\"3\"><strong>Interesne dejavnosti od 1. r. do 5. r.:<\/strong><strong>&nbsp;<\/strong><\/td>\n<\/tr>\n<tr style=\"height: 23px\">\n<td style=\"width: 373.609px;height: 23px\" colspan=\"2\">Otro\u0161ki pevski zbor 1 (1. r. )&nbsp;<\/td>\n<td style=\"width: 296.391px;height: 23px\">Robertina Ladika Migali\u010d<\/td>\n<\/tr>\n<tr style=\"height: 23px\">\n<td style=\"width: 373.609px;height: 23px\" colspan=\"2\">Otro\u0161ki pevski zbor 2 (2. r., 3. r. in 4. r.)&nbsp;<\/td>\n<td style=\"width: 296.391px;height: 23px\">Robertina Ladika Migali\u010d<\/td>\n<\/tr>\n<tr style=\"height: 23px\">\n<td style=\"width: 373.609px;height: 23px\" colspan=\"2\">Mladinski pevski zbor (5. r.)&nbsp;<\/td>\n<td style=\"width: 296.391px;height: 23px\">Robertina Ladika Migali\u010d<\/td>\n<\/tr>\n<tr style=\"height: 23px\">\n<td style=\"width: 373.609px;height: 23px\" colspan=\"2\">Plesne urice (1. do 3. r.)&nbsp;<\/td>\n<td style=\"width: 296.391px;height: 23px\">Marija Vesna Frank<\/td>\n<\/tr>\n<tr style=\"height: 23px\">\n<td style=\"width: 373.609px;height: 23px\" colspan=\"2\">Mini rokomet (1. do 3.r.)&nbsp;<\/td>\n<td style=\"width: 296.391px;height: 23px\">Sebastjan Slemen\u0161ek<\/td>\n<\/tr>\n<tr style=\"height: 23px\">\n<td style=\"width: 373.609px;height: 23px\" colspan=\"2\">Gibalne urice (2. r.)&nbsp;<\/td>\n<td style=\"width: 296.391px;height: 23px\">\u017dan Brozovi\u010d<\/td>\n<\/tr>\n<tr style=\"height: 23px\">\n<td style=\"width: 373.609px;height: 23px\" colspan=\"2\">Bralna zna\u010dka&nbsp;<\/td>\n<td style=\"width: 296.391px;height: 23px\">razredne u\u010diteljice<\/td>\n<\/tr>\n<tr style=\"height: 23px\">\n<td style=\"width: 373.609px;height: 23px\" colspan=\"2\">Kolesarski izpit (5. r.)&nbsp;<\/td>\n<td style=\"width: 296.391px;height: 23px\">Sabina Luke\u017ei\u010d<\/td>\n<\/tr>\n<tr style=\"height: 23px\">\n<td style=\"width: 373.609px;height: 23px\" colspan=\"2\">Angle\u0161ka bralna zna\u010dka (4. in 5. razred)&nbsp;<\/td>\n<td style=\"width: 296.391px;height: 23px\">Maja Jeler\u010di\u010d Jesih<\/td>\n<\/tr>\n<tr style=\"height: 47px\">\n<td style=\"width: 373.609px;height: 47px\" colspan=\"2\">Matemati\u010dni izzivi 1 (1. r.\u22123. r. &#8211; priprava na tekmovanja)&nbsp;<\/td>\n<td style=\"width: 296.391px;height: 47px\">Ivanka \u0160u\u0161tari\u010d<\/td>\n<\/tr>\n<tr style=\"height: 23px\">\n<td style=\"width: 373.609px;height: 23px\" colspan=\"2\">Likovno-umetni\u0161ki kro\u017eek (3.\u22125. r.)&nbsp;<\/td>\n<td style=\"width: 296.391px;height: 23px\">Maja Lamut<\/td>\n<\/tr>\n<tr style=\"height: 23px\">\n<td style=\"width: 676px;height: 23px\" colspan=\"3\"><strong>Interesne dejavnosti od 6. r. do 9. r.:<\/strong><\/td>\n<\/tr>\n<tr style=\"height: 23px\">\n<td style=\"width: 371.609px;height: 23px\">Mladinski pevski zbor (5. r.\u22129. r.)&nbsp;<\/td>\n<td style=\"width: 298.391px;height: 23px\" colspan=\"2\">Robertina Ladika Migali\u010d<\/td>\n<\/tr>\n<tr style=\"height: 23px\">\n<td style=\"width: 371.609px;height: 23px\">Matemati\u010dni kro\u017eek&nbsp;<\/td>\n<td style=\"width: 298.391px;height: 23px\" colspan=\"2\">Ljiljana Jankovi\u010d<\/td>\n<\/tr>\n<tr style=\"height: 23px\">\n<td style=\"width: 371.609px;height: 23px\">Tehni\u0161ki kro\u017eek&nbsp;<\/td>\n<td style=\"width: 298.391px;height: 23px\" colspan=\"2\">Jasmina Strugar<\/td>\n<\/tr>\n<tr style=\"height: 23px\">\n<td style=\"width: 371.609px;height: 23px\">Biolo\u0161ki kro\u017eek&nbsp;<\/td>\n<td style=\"width: 298.391px;height: 23px\" colspan=\"2\">Jo\u017eica Medve\u0161ek Grobov\u0161ek<\/td>\n<\/tr>\n<tr style=\"height: 23px\">\n<td style=\"width: 371.609px;height: 23px\">Sloven\u0161\u010dina (tekmovanja, nate\u010daji)&nbsp;<\/td>\n<td style=\"width: 298.391px;height: 23px\" colspan=\"2\">Nata\u0161a Podhostnik<\/td>\n<\/tr>\n<tr style=\"height: 23px\">\n<td style=\"width: 371.609px;height: 23px\">Zgodovinski kro\u017eek (8., 9. r.)&nbsp;<\/td>\n<td style=\"width: 298.391px;height: 23px\" colspan=\"2\">Anita Vrtin<\/td>\n<\/tr>\n<tr style=\"height: 23px\">\n<td style=\"width: 371.609px;height: 23px\">Geografski kro\u017eek&nbsp;<\/td>\n<td style=\"width: 298.391px;height: 23px\" colspan=\"2\">Anita Vrtin<\/td>\n<\/tr>\n<tr style=\"height: 23px\">\n<td style=\"width: 371.609px;height: 23px\">Odbojka&nbsp;(priprava na tekmovanje)<\/td>\n<td style=\"width: 298.391px;height: 23px\" colspan=\"2\">Sanela Majstorovi\u0107<\/td>\n<\/tr>\n<tr style=\"height: 23px\">\n<td style=\"width: 371.609px;height: 23px\">Likovno-umetni\u0161ki kro\u017eek&nbsp;<\/td>\n<td style=\"width: 298.391px;height: 23px\" colspan=\"2\">Jasmina Strugar<\/td>\n<\/tr>\n<tr style=\"height: 23px\">\n<td style=\"width: 371.609px;height: 23px\">Bralna zna\u010dka&nbsp;<\/td>\n<td style=\"width: 298.391px;height: 23px\" colspan=\"2\">Nata\u0161a Podhostnik<\/td>\n<\/tr>\n<tr style=\"height: 23px\">\n<td style=\"width: 371.609px;height: 23px\">Angle\u0161ka bralna zna\u010dka&nbsp;<\/td>\n<td style=\"width: 298.391px;height: 23px\" colspan=\"2\">Maja Jeler\u010di\u010d Jesih<\/td>\n<\/tr>\n<tr style=\"height: 23px\">\n<td style=\"width: 371.609px;height: 23px\">Podjetni\u0161ki kro\u017eek (7. r.\u22129. r.)&nbsp;<\/td>\n<td style=\"width: 298.391px;height: 23px\" colspan=\"2\">Maja Jeler\u010di\u010d Jesih, Rok Mik\u0161i\u010d<\/td>\n<\/tr>\n<tr style=\"height: 23px\">\n<td style=\"width: 371.609px;height: 23px\">Prostovoljstvo&nbsp;<\/td>\n<td style=\"width: 298.391px;height: 23px\" colspan=\"2\">Silva Nagode<\/td>\n<\/tr>\n<tr style=\"height: 47px\">\n<td style=\"width: 371.609px;height: 47px\">Nem\u0161\u010dina (tekmovanje, bralna zna\u010dka znotraj&nbsp;&nbsp;&nbsp;&nbsp;&nbsp;&nbsp; pouka)&nbsp;&nbsp;<\/td>\n<td style=\"width: 298.391px;height: 47px\" colspan=\"2\">Barbara Stuhne Vuk<\/td>\n<\/tr>\n<tr style=\"height: 23px\">\n<td style=\"width: 676px;height: 23px\" colspan=\"3\"><strong>Skupne interesne dejavnosti:<\/strong><\/td>\n<\/tr>\n<tr style=\"height: 23px\">\n<td style=\"width: 371.609px;height: 23px\">Vesela \u0161ola (4. r.\u22129. r.)&nbsp;<\/td>\n<td style=\"width: 298.391px;height: 23px\" colspan=\"2\">Mojca Pavlini\u010d<\/td>\n<\/tr>\n<tr style=\"height: 23px\">\n<td style=\"width: 371.609px;height: 23px\">Ljudsko petje MPZ (u\u010denci 3., 4., 5. in 6. razreda)&nbsp;<\/td>\n<td style=\"width: 298.391px;height: 23px\" colspan=\"2\">Mojca Pavlini\u010d<\/td>\n<\/tr>\n<tr style=\"height: 47px\">\n<td style=\"width: 371.609px;height: 47px\">Matemati\u010dni izzivi 2 (4. r.\u22127. r. &#8211; priprava na tekmovanja)&nbsp;<\/td>\n<td style=\"width: 298.391px;height: 47px\" colspan=\"2\">Ivanka \u0160u\u0161tari\u010d<\/td>\n<\/tr>\n<tr style=\"height: 23px\">\n<td style=\"width: 371.609px;height: 23px\">Otro\u0161ki parlament (4. r.\u22129.r.)&nbsp;<\/td>\n<td style=\"width: 298.391px;height: 23px\" colspan=\"2\">Anita Vrtin<\/td>\n<\/tr>\n<tr style=\"height: 23px\">\n<td style=\"width: 371.609px;height: 23px\">Angle\u0161\u010dina malo druga\u010de (4. r.\u22129. r.)&nbsp;<\/td>\n<td style=\"width: 298.391px;height: 23px\" colspan=\"2\">Maja Jeler\u010di\u010d Jesih<\/td>\n<\/tr>\n<\/tbody>\n<\/table>\n<p>Izvajale se bodo interesne dejavnosti, na katere se bo prijavilo zadostno \u0161tevilo u\u010dencev. Interesna dejavnost se izvede, \u010de je vanjo vpisanih najmanj 7 u\u010dencev. V izjemnih primerih se lahko dejavnost izvede tudi z manj\u0161im \u0161tevilom u\u010dencev, vendar le ob predhodnem soglasju ravnatelja. Ure interesnih dejavnosti se pla\u010dajo le, \u010de so bile izvedene izven redne delovne obveznosti.<\/p>\n<p><a href=\"http:\/\/www.mss.gov.si\/fileadmin\/mss.gov.si\/pageuploads\/podrocje\/os\/devetletka\/program_drugo\/Interesne_dejavnosti_cb.pdf\" target=\"_blank\" rel=\"noopener\"><br \/>\nVe\u010d o interesnih dejavnostih&#8230;<\/a><\/p>\n","protected":false},"excerpt":{"rendered":"<p>V \u0161olskem letu 2025\/26 ponujamo naslednje interesne dejavnosti: Interesne dejavnosti od 1. r. do 5. r.:&nbsp; Otro\u0161ki pevski zbor 1 (1. r. )&nbsp; Robertina Ladika Migali\u010d Otro\u0161ki pevski zbor 2 (2. r., 3. r. in 4. r.)&nbsp; Robertina Ladika Migali\u010d Mladinski pevski zbor (5. r.)&nbsp; Robertina Ladika Migali\u010d Plesne urice (1. do 3. r.)&nbsp; Marija [&hellip;]<\/p>\n","protected":false},"author":1706,"featured_media":0,"parent":0,"menu_order":16,"comment_status":"closed","ping_status":"closed","template":"","meta":{"_et_pb_use_builder":"","_et_pb_old_content":"","_et_gb_content_width":"","ngg_post_thumbnail":0,"footnotes":"","_expiration-date-status":"","_expiration-date":0,"_expiration-date-type":"","_expiration-date-categories":[],"_expiration-date-options":[]},"class_list":["post-659","page","type-page","status-publish","hentry"],"_links":{"self":[{"href":"https:\/\/os-dragatus.splet.arnes.si\/index.php?rest_route=\/wp\/v2\/pages\/659","targetHints":{"allow":["GET"]}}],"collection":[{"href":"https:\/\/os-dragatus.splet.arnes.si\/index.php?rest_route=\/wp\/v2\/pages"}],"about":[{"href":"https:\/\/os-dragatus.splet.arnes.si\/index.php?rest_route=\/wp\/v2\/types\/page"}],"author":[{"embeddable":true,"href":"https:\/\/os-dragatus.splet.arnes.si\/index.php?rest_route=\/wp\/v2\/users\/1706"}],"replies":[{"embeddable":true,"href":"https:\/\/os-dragatus.splet.arnes.si\/index.php?rest_route=%2Fwp%2Fv2%2Fcomments&post=659"}],"version-history":[{"count":15,"href":"https:\/\/os-dragatus.splet.arnes.si\/index.php?rest_route=\/wp\/v2\/pages\/659\/revisions"}],"predecessor-version":[{"id":39630,"href":"https:\/\/os-dragatus.splet.arnes.si\/index.php?rest_route=\/wp\/v2\/pages\/659\/revisions\/39630"}],"wp:attachment":[{"href":"https:\/\/os-dragatus.splet.arnes.si\/index.php?rest_route=%2Fwp%2Fv2%2Fmedia&parent=659"}],"curies":[{"name":"wp","href":"https:\/\/api.w.org\/{rel}","templated":true}]}}