{"id":635,"date":"2014-12-18T21:27:33","date_gmt":"2014-12-18T20:27:33","guid":{"rendered":"http:\/\/os-dragatus.splet.arnes.si\/?page_id=635"},"modified":"2025-09-01T09:11:14","modified_gmt":"2025-09-01T07:11:14","slug":"oddelki","status":"publish","type":"page","link":"https:\/\/os-dragatus.splet.arnes.si\/?page_id=635","title":{"rendered":"Oddelki"},"content":{"rendered":"<p><span style=\"color: #008000\"><strong>\u0160OLSKO LETO 2025\/2026 <span style=\"color: #000000\">&#8211; 140 (64 u\u010denk + 76 u\u010dencev)<\/span><\/strong><\/span><\/p>\n<p><span style=\"color: #008000\"><strong><span style=\"color: #800000\">PRVO TRILETJE<\/span><\/strong><\/span><\/p>\n<p><strong>1. razred<\/strong> &#8211; razredni\u010darka <strong>MARIJA VESNA FRANK<\/strong><br \/>\n(13 =&nbsp; 4 u\u010denk + 9 u\u010dencev)<\/p>\n<p><strong>2. razred<\/strong> &#8211; razredni\u010darka <strong>MOJCA PAVLINI\u010c<\/strong><br \/>\n(16 = 6 u\u010denk + 10 u\u010dencev)<\/p>\n<p><strong>3. razred<\/strong> &#8211; razredni\u010darka <strong>SABINA LUKE\u017dI\u010c<\/strong><br \/>\n(16 = 7 u\u010denk + 9 u\u010dencev)<\/p>\n<p><span style=\"color: #800000\"><strong>DRUGO TRILETJE<\/strong><\/span><\/p>\n<p><strong>4. razred<\/strong> &#8211; razredni\u010darka <strong>IVANKA \u0160U\u0160TARI\u010c<\/strong><br \/>\n(15 = 5 u\u010denk + 10 u\u010dencev)<\/p>\n<p><strong>5. razred<\/strong> &#8211; razredni\u010darka <strong>MAJA LAMUT<\/strong><br \/>\n(15 = 5 u\u010denk + 10 u\u010dencev)<\/p>\n<p><strong>6. razred<\/strong> &#8211; razrednik <strong>JO\u017dICA MEDVE\u0160EK GROBOV\u0160EK<\/strong><br \/>\n(12 = 7 u\u010denk + 5 u\u010dencev)<\/p>\n<p><span style=\"color: #800000\"><strong>TRETJE TRILETJE<\/strong><\/span><\/p>\n<p><strong>7. razred<\/strong> &#8211; razredni\u010darka <strong>NATA\u0160A PODHOSTNIK<\/strong><br \/>\n(11 = 5 u\u010denk + 6 u\u010dencev)<\/p>\n<p><strong>8. razred<\/strong> &#8211; razredni\u010darka <strong>LJILJANA JANKOVI\u010c<\/strong><br \/>\n(19 = 6 u\u010denk + 13 u\u010dencev)<\/p>\n<p><strong>9. razred<\/strong> &#8211; razredni\u010darka <strong>JASMINA STRUGAR<\/strong><br \/>\n(18 = 8 u\u010denk + 10 u\u010dencev)<\/p>\n","protected":false},"excerpt":{"rendered":"<p>\u0160OLSKO LETO 2025\/2026 &#8211; 140 (64 u\u010denk + 76 u\u010dencev) PRVO TRILETJE 1. razred &#8211; razredni\u010darka MARIJA VESNA FRANK (13 =&nbsp; 4 u\u010denk + 9 u\u010dencev) 2. razred &#8211; razredni\u010darka MOJCA PAVLINI\u010c (16 = 6 u\u010denk + 10 u\u010dencev) 3. razred &#8211; razredni\u010darka SABINA LUKE\u017dI\u010c (16 = 7 u\u010denk + 9 u\u010dencev) DRUGO TRILETJE 4. [&hellip;]<\/p>\n","protected":false},"author":1706,"featured_media":0,"parent":0,"menu_order":27,"comment_status":"closed","ping_status":"closed","template":"","meta":{"_et_pb_use_builder":"","_et_pb_old_content":"","_et_gb_content_width":"","ngg_post_thumbnail":0,"footnotes":"","_expiration-date-status":"","_expiration-date":0,"_expiration-date-type":"","_expiration-date-categories":[],"_expiration-date-options":[]},"class_list":["post-635","page","type-page","status-publish","hentry"],"_links":{"self":[{"href":"https:\/\/os-dragatus.splet.arnes.si\/index.php?rest_route=\/wp\/v2\/pages\/635","targetHints":{"allow":["GET"]}}],"collection":[{"href":"https:\/\/os-dragatus.splet.arnes.si\/index.php?rest_route=\/wp\/v2\/pages"}],"about":[{"href":"https:\/\/os-dragatus.splet.arnes.si\/index.php?rest_route=\/wp\/v2\/types\/page"}],"author":[{"embeddable":true,"href":"https:\/\/os-dragatus.splet.arnes.si\/index.php?rest_route=\/wp\/v2\/users\/1706"}],"replies":[{"embeddable":true,"href":"https:\/\/os-dragatus.splet.arnes.si\/index.php?rest_route=%2Fwp%2Fv2%2Fcomments&post=635"}],"version-history":[{"count":15,"href":"https:\/\/os-dragatus.splet.arnes.si\/index.php?rest_route=\/wp\/v2\/pages\/635\/revisions"}],"predecessor-version":[{"id":39380,"href":"https:\/\/os-dragatus.splet.arnes.si\/index.php?rest_route=\/wp\/v2\/pages\/635\/revisions\/39380"}],"wp:attachment":[{"href":"https:\/\/os-dragatus.splet.arnes.si\/index.php?rest_route=%2Fwp%2Fv2%2Fmedia&parent=635"}],"curies":[{"name":"wp","href":"https:\/\/api.w.org\/{rel}","templated":true}]}}