{"id":631,"date":"2014-12-18T21:25:16","date_gmt":"2014-12-18T20:25:16","guid":{"rendered":"http:\/\/os-dragatus.splet.arnes.si\/?page_id=631"},"modified":"2025-09-01T09:14:56","modified_gmt":"2025-09-01T07:14:56","slug":"podaljsano-bivanje","status":"publish","type":"page","link":"https:\/\/os-dragatus.splet.arnes.si\/?page_id=631","title":{"rendered":"Podalj\u0161ano bivanje"},"content":{"rendered":"<p>Podalj\u0161ano bivanje je namenjeno u\u010dencem, ki potrebujejo varstvo po kon\u010danem pouku. Pri samostojnem u\u010denju u\u010ditelj nudi u\u010dencem individualno pomo\u010d, vendar ni odgovoren, da je naloga re\u0161ena v celoti in pravilno. Star\u0161i morajo z otrokom kljub vsemu doma pregledati, kaj so delali v \u0161oli in ali je potrebno doma\u010do nalogo dokon\u010dati.<\/p>\n<p>Kadar mora otrok pred\u010dasno domov, star\u0161i o tem predhodno pisno obvestijo u\u010ditelja podalj\u0161anega bivanja.<\/p>\n<p>U\u010ditelji\/ce PB v \u0161ol. letu <strong>2025\/2026<\/strong>:<br \/>\nSebastjan Sleme\u0161nek, Marija Vesna Frank, Ur\u0161ka Kova\u010di\u010d, \u017dan Brozovi\u010d, Iva Schweiger, \u0160pela \u0160tefani\u010d.<\/p>\n<p><a href=\"https:\/\/www.gov.si\/assets\/ministrstva\/MIZS\/Dokumenti\/Osnovna-sola\/Ucni-nacrti\/Drugi-konceptualni-dokumenti\/Podaljsano_bivanje.pdf\" target=\"_blank\" rel=\"noopener\">Podalj\u0161ano bivanje in razli\u010dne oblike varstva u\u010dencev v devetletni osnovni \u0161oli&#8230;<\/a><\/p>\n<table style=\"width: 100%\" cellspacing=\"0\" cellpadding=\"2\">\n<tbody>\n<tr>\n<td style=\"width: 32%;background-color: #ede6e6\" valign=\"middle\">11.20-12.10<\/td>\n<td style=\"width: 68%;background-color: #ede6e6\">sprostitvene dejavnosti<\/td>\n<\/tr>\n<tr>\n<td style=\"width: 30%\" valign=\"middle\">12.10-13.00 (1. razvoz)<\/td>\n<td style=\"width: 70%\">kosilo &#8211; malica<\/td>\n<\/tr>\n<tr>\n<td style=\"width: 30%;background-color: #ede6e6\" valign=\"middle\">13.00-13.50<\/td>\n<td style=\"width: 70%;background-color: #ede6e6\">samostojno u\u010denje, branje, doma\u010de naloge<\/td>\n<\/tr>\n<tr>\n<td style=\"width: 30%\" valign=\"middle\">13.50-14.40 (2. razvoz)<\/td>\n<td style=\"width: 70%\">dejavnosti po interesih u\u010dencev<\/td>\n<\/tr>\n<tr>\n<td style=\"width: 30%;background-color: #ede6e6\" valign=\"middle\">14.40-15.30<\/td>\n<td style=\"width: 70%;background-color: #ede6e6\">po\u010ditek, igre po \u017eelji, ustvarjalne in \u0161portne dejavnosti<\/td>\n<\/tr>\n<\/tbody>\n<\/table>\n<p><a href=\"https:\/\/docs.google.com\/spreadsheets\/d\/1WWvqgRjdYP1iCdfGOUE_ladZ_RROQ4a_G7B-YjJq-Sw\/edit?usp=sharing\" target=\"_blank\" rel=\"noopener\">URNIK PODALJ\u0160ANEGA BIVANJA<\/a>&nbsp;<span style=\"color: #000000\"><br \/>\n<\/span><\/p>\n","protected":false},"excerpt":{"rendered":"<p>Podalj\u0161ano bivanje je namenjeno u\u010dencem, ki potrebujejo varstvo po kon\u010danem pouku. Pri samostojnem u\u010denju u\u010ditelj nudi u\u010dencem individualno pomo\u010d, vendar ni odgovoren, da je naloga re\u0161ena v celoti in pravilno. Star\u0161i morajo z otrokom kljub vsemu doma pregledati, kaj so delali v \u0161oli in ali je potrebno doma\u010do nalogo dokon\u010dati. Kadar mora otrok pred\u010dasno domov, [&hellip;]<\/p>\n","protected":false},"author":1706,"featured_media":0,"parent":0,"menu_order":30,"comment_status":"closed","ping_status":"closed","template":"","meta":{"_et_pb_use_builder":"","_et_pb_old_content":"","_et_gb_content_width":"","ngg_post_thumbnail":0,"footnotes":"","_expiration-date-status":"","_expiration-date":0,"_expiration-date-type":"","_expiration-date-categories":[],"_expiration-date-options":[]},"class_list":["post-631","page","type-page","status-publish","hentry"],"_links":{"self":[{"href":"https:\/\/os-dragatus.splet.arnes.si\/index.php?rest_route=\/wp\/v2\/pages\/631","targetHints":{"allow":["GET"]}}],"collection":[{"href":"https:\/\/os-dragatus.splet.arnes.si\/index.php?rest_route=\/wp\/v2\/pages"}],"about":[{"href":"https:\/\/os-dragatus.splet.arnes.si\/index.php?rest_route=\/wp\/v2\/types\/page"}],"author":[{"embeddable":true,"href":"https:\/\/os-dragatus.splet.arnes.si\/index.php?rest_route=\/wp\/v2\/users\/1706"}],"replies":[{"embeddable":true,"href":"https:\/\/os-dragatus.splet.arnes.si\/index.php?rest_route=%2Fwp%2Fv2%2Fcomments&post=631"}],"version-history":[{"count":15,"href":"https:\/\/os-dragatus.splet.arnes.si\/index.php?rest_route=\/wp\/v2\/pages\/631\/revisions"}],"predecessor-version":[{"id":39381,"href":"https:\/\/os-dragatus.splet.arnes.si\/index.php?rest_route=\/wp\/v2\/pages\/631\/revisions\/39381"}],"wp:attachment":[{"href":"https:\/\/os-dragatus.splet.arnes.si\/index.php?rest_route=%2Fwp%2Fv2%2Fmedia&parent=631"}],"curies":[{"name":"wp","href":"https:\/\/api.w.org\/{rel}","templated":true}]}}