{"id":6087,"date":"2017-05-07T08:30:50","date_gmt":"2017-05-07T06:30:50","guid":{"rendered":"http:\/\/os-dragatus.splet.arnes.si\/?page_id=6087"},"modified":"2026-04-24T13:08:14","modified_gmt":"2026-04-24T11:08:14","slug":"jedilnik","status":"publish","type":"page","link":"https:\/\/os-dragatus.splet.arnes.si\/?page_id=6087","title":{"rendered":"Jedilnik"},"content":{"rendered":"<p><a href=\"https:\/\/os-dragatus.splet.arnes.si\/files\/2026\/04\/jedilnik-sola-4.5.-DO-8.5.docx\">Jedilnik 4. 5. &#8211; 8. 5.<\/a><\/p>\n<p>&nbsp;<\/p>\n<p><strong>DOBER TEK!<\/strong><\/p>\n<p><span style=\"color: #000000\">&#8211; voda ali \u010daj sta na voljo vedno<\/span><br \/>\n<span style=\"color: #000000\"> &#8211; v primeru ne dobave \u017eivil, tehni\u010dnih ali kadrovskih te\u017eav lahko spremenimo jedilnik<\/span><br \/>\n<span style=\"color: #000000\"> &#8211; ne-homogenizirano mleko je lokalnega izvora<\/span><\/p>\n<p><span style=\"color: #000000\">Jedilnike sestavlja Jo\u017eica M. Grobov\u0161ek.<\/span><\/p>\n<p><span style=\"color: #008000\"><strong>SEZNAM ALERGENOV:<br \/>\n<\/strong><\/span>1. \u017dITO, KI VSEBUJE GLUTEN<br \/>\n2. RAKI<br \/>\n3. JAJCA<br \/>\n4. RIBE<br \/>\n5. ARA\u0160IDI<br \/>\n6. SOJA<br \/>\n7. MLEKO \/ MLE\u010cNI PROIZVODI, KI VSEBUJEJO LAKTOZO<br \/>\n8. ORE\u0160KI<br \/>\n9. LISTNA ZELENA<br \/>\n10. GOR\u010cI\u010cNO SEME<br \/>\n11. SEZAMOVO SEME<br \/>\n12. \u017dVEPLOV DIOKSID IN SULFITI<br \/>\n13. VOL\u010cJI BOB<br \/>\n14. MEHKU\u017dCI<\/p>\n","protected":false},"excerpt":{"rendered":"<p>Jedilnik 4. 5. &#8211; 8. 5. &nbsp; DOBER TEK! &#8211; voda ali \u010daj sta na voljo vedno &#8211; v primeru ne dobave \u017eivil, tehni\u010dnih ali kadrovskih te\u017eav lahko spremenimo jedilnik &#8211; ne-homogenizirano mleko je lokalnega izvora Jedilnike sestavlja Jo\u017eica M. Grobov\u0161ek. SEZNAM ALERGENOV: 1. \u017dITO, KI VSEBUJE GLUTEN 2. RAKI 3. JAJCA 4. RIBE 5. [&hellip;]<\/p>\n","protected":false},"author":1706,"featured_media":0,"parent":0,"menu_order":17,"comment_status":"closed","ping_status":"closed","template":"","meta":{"_et_pb_use_builder":"","_et_pb_old_content":"","_et_gb_content_width":"","ngg_post_thumbnail":0,"footnotes":"","_expiration-date-status":"","_expiration-date":0,"_expiration-date-type":"","_expiration-date-categories":[],"_expiration-date-options":[]},"class_list":["post-6087","page","type-page","status-publish","hentry"],"_links":{"self":[{"href":"https:\/\/os-dragatus.splet.arnes.si\/index.php?rest_route=\/wp\/v2\/pages\/6087","targetHints":{"allow":["GET"]}}],"collection":[{"href":"https:\/\/os-dragatus.splet.arnes.si\/index.php?rest_route=\/wp\/v2\/pages"}],"about":[{"href":"https:\/\/os-dragatus.splet.arnes.si\/index.php?rest_route=\/wp\/v2\/types\/page"}],"author":[{"embeddable":true,"href":"https:\/\/os-dragatus.splet.arnes.si\/index.php?rest_route=\/wp\/v2\/users\/1706"}],"replies":[{"embeddable":true,"href":"https:\/\/os-dragatus.splet.arnes.si\/index.php?rest_route=%2Fwp%2Fv2%2Fcomments&post=6087"}],"version-history":[{"count":16,"href":"https:\/\/os-dragatus.splet.arnes.si\/index.php?rest_route=\/wp\/v2\/pages\/6087\/revisions"}],"predecessor-version":[{"id":41872,"href":"https:\/\/os-dragatus.splet.arnes.si\/index.php?rest_route=\/wp\/v2\/pages\/6087\/revisions\/41872"}],"wp:attachment":[{"href":"https:\/\/os-dragatus.splet.arnes.si\/index.php?rest_route=%2Fwp%2Fv2%2Fmedia&parent=6087"}],"curies":[{"name":"wp","href":"https:\/\/api.w.org\/{rel}","templated":true}]}}