{"id":37012,"date":"2022-02-03T09:43:46","date_gmt":"2022-02-03T08:43:46","guid":{"rendered":"https:\/\/os-dragatus.splet.arnes.si\/?page_id=37012"},"modified":"2025-02-03T10:09:31","modified_gmt":"2025-02-03T09:09:31","slug":"office-365","status":"publish","type":"page","link":"https:\/\/os-dragatus.splet.arnes.si\/?page_id=37012","title":{"rendered":"Office 365"},"content":{"rendered":"<p><a href=\"https:\/\/o365.arnes.si\/\"><img loading=\"lazy\" decoding=\"async\" class=\"alignleft size-medium wp-image-37015\" src=\"https:\/\/os-dragatus.splet.arnes.si\/files\/2025\/02\/Posnetek-zaslona-2025-02-03-094527-400x119.png\" alt=\"\" width=\"400\" height=\"119\"\/><\/a><\/p>\n<p>&nbsp;<\/p>\n<p>&nbsp;<\/p>\n<p>&nbsp;<\/p>\n<p>Povezava do <a href=\"https:\/\/o365.arnes.si\/\">Oblak 365 (klik)<\/a><\/p>\n<p>Licence:<\/p>\n<p>Vsi u\u010denci, kateri dobijo \u0161olski AAI ra\u010dun, se lahko vpi\u0161ejo v <a href=\"https:\/\/o365.arnes.si\/\">Oblak 365<\/a> in s tem pridobijo licenco &#8220;Office 365 A1 for students&#8221;.<\/p>\n<p>Kot \u0161ola imamo dodeljenih tudi nekaj licenc &#8220;Microsoft 365 A3 for students use benefit&#8221;, za katero se lahko zaprosi pri ra\u010dunalnikarju v \u017eivo ali na e-po\u0161tnem naslovu rok.miksic@os-dragatus.si<\/p>\n<p>Ker je \u0161tevilo licenc A3 omejeno, jih izdamo po sistemu, kdor prvi zaprosi, do konca izdaje vseh licenc.<\/p>\n<p><a href=\"https:\/\/learn.microsoft.com\/en-us\/office365\/servicedescriptions\/office-365-platform-service-description\/microsoft-365-education#microsoft-365-feature-availability\">Kaj nam omogo\u010da licenca A3? (klik)<\/a><\/p>\n","protected":false},"excerpt":{"rendered":"<p>&nbsp; &nbsp; &nbsp; Povezava do Oblak 365 (klik) Licence: Vsi u\u010denci, kateri dobijo \u0161olski AAI ra\u010dun, se lahko vpi\u0161ejo v Oblak 365 in s tem pridobijo licenco &#8220;Office 365 A1 for students&#8221;. Kot \u0161ola imamo dodeljenih tudi nekaj licenc &#8220;Microsoft 365 A3 for students use benefit&#8221;, za katero se lahko zaprosi pri ra\u010dunalnikarju v \u017eivo [&hellip;]<\/p>\n","protected":false},"author":111801,"featured_media":0,"parent":0,"menu_order":0,"comment_status":"closed","ping_status":"closed","template":"","meta":{"_et_pb_use_builder":"","_et_pb_old_content":"","_et_gb_content_width":"","ngg_post_thumbnail":0,"footnotes":"","_expiration-date-status":"","_expiration-date":0,"_expiration-date-type":"","_expiration-date-categories":[],"_expiration-date-options":[]},"class_list":["post-37012","page","type-page","status-publish","hentry"],"_links":{"self":[{"href":"https:\/\/os-dragatus.splet.arnes.si\/index.php?rest_route=\/wp\/v2\/pages\/37012","targetHints":{"allow":["GET"]}}],"collection":[{"href":"https:\/\/os-dragatus.splet.arnes.si\/index.php?rest_route=\/wp\/v2\/pages"}],"about":[{"href":"https:\/\/os-dragatus.splet.arnes.si\/index.php?rest_route=\/wp\/v2\/types\/page"}],"author":[{"embeddable":true,"href":"https:\/\/os-dragatus.splet.arnes.si\/index.php?rest_route=\/wp\/v2\/users\/111801"}],"replies":[{"embeddable":true,"href":"https:\/\/os-dragatus.splet.arnes.si\/index.php?rest_route=%2Fwp%2Fv2%2Fcomments&post=37012"}],"version-history":[{"count":7,"href":"https:\/\/os-dragatus.splet.arnes.si\/index.php?rest_route=\/wp\/v2\/pages\/37012\/revisions"}],"predecessor-version":[{"id":37021,"href":"https:\/\/os-dragatus.splet.arnes.si\/index.php?rest_route=\/wp\/v2\/pages\/37012\/revisions\/37021"}],"wp:attachment":[{"href":"https:\/\/os-dragatus.splet.arnes.si\/index.php?rest_route=%2Fwp%2Fv2%2Fmedia&parent=37012"}],"curies":[{"name":"wp","href":"https:\/\/api.w.org\/{rel}","templated":true}]}}