{"id":36611,"date":"2024-12-20T10:18:14","date_gmt":"2024-12-20T09:18:14","guid":{"rendered":"https:\/\/os-dragatus.splet.arnes.si\/?page_id=36611"},"modified":"2026-04-20T10:29:44","modified_gmt":"2026-04-20T08:29:44","slug":"domov","status":"publish","type":"page","link":"https:\/\/os-dragatus.splet.arnes.si\/","title":{"rendered":"Domov"},"content":{"rendered":"<p>[et_pb_section fb_built=&#8221;1&#8243; _builder_version=&#8221;4.27.0&#8243; _module_preset=&#8221;default&#8221; width=&#8221;100%&#8221; global_colors_info=&#8221;{}&#8221;][et_pb_row column_structure=&#8221;1_4,1_2,1_4&#8243; admin_label=&#8221;Obvestilo zgornji del&#8221; _builder_version=&#8221;4.27.4&#8243; _module_preset=&#8221;default&#8221; width=&#8221;90%&#8221; max_width=&#8221;2560px&#8221; global_colors_info=&#8221;{}&#8221;][et_pb_column type=&#8221;1_4&#8243; _builder_version=&#8221;4.27.0&#8243; _module_preset=&#8221;default&#8221; global_colors_info=&#8221;{}&#8221;][et_pb_sidebar area=&#8221;sidebar-1&#8243; admin_label=&#8221;Sidebar&#8221; _builder_version=&#8221;4.27.0&#8243; _module_preset=&#8221;default&#8221; module_alignment=&#8221;left&#8221; custom_margin=&#8221;||||false|false&#8221; global_colors_info=&#8221;{}&#8221;][\/et_pb_sidebar][\/et_pb_column][et_pb_column type=&#8221;1_2&#8243; _builder_version=&#8221;4.27.0&#8243; _module_preset=&#8221;default&#8221; global_colors_info=&#8221;{}&#8221;][et_pb_image src=&#8221;https:\/\/os-dragatus.splet.arnes.si\/files\/2025\/11\/Miklavzev-bazar-2025-vabilo_page-0001.jpg&#8221; title_text=&#8221;Miklav\u017eev bazar 2025 &#8211; vabilo_page-0001&#8243; show_in_lightbox=&#8221;on&#8221; align=&#8221;center&#8221; disabled_on=&#8221;on|on|on&#8221; _builder_version=&#8221;4.27.4&#8243; _module_preset=&#8221;default&#8221; max_width=&#8221;80%&#8221; module_alignment=&#8221;center&#8221; disabled=&#8221;on&#8221; global_colors_info=&#8221;{}&#8221;][\/et_pb_image][et_pb_image src=&#8221;https:\/\/os-dragatus.splet.arnes.si\/files\/2025\/10\/Predavanja-za-starse-OS-Dragatus_grafika.png&#8221; title_text=&#8221;Predavanja za star\u0161e O\u0160 Dragatu\u0161_grafika&#8221; show_in_lightbox=&#8221;on&#8221; align=&#8221;center&#8221; disabled_on=&#8221;on|on|on&#8221; _builder_version=&#8221;4.27.4&#8243; _module_preset=&#8221;default&#8221; max_width=&#8221;80%&#8221; module_alignment=&#8221;center&#8221; disabled=&#8221;on&#8221; global_colors_info=&#8221;{}&#8221;][\/et_pb_image][et_pb_text disabled_on=&#8221;off|off|off&#8221; admin_label=&#8221;Obvestilo zgornji del&#8221; _builder_version=&#8221;4.27.4&#8243; _module_preset=&#8221;default&#8221; text_text_color=&#8221;#FFFFFF&#8221; header_3_text_color=&#8221;#FFFFFF&#8221; background_color=&#8221;#b8896b&#8221; custom_margin=&#8221;0px||0px||false|false&#8221; custom_padding=&#8221;10px||6px||false|false&#8221; border_radii=&#8221;off|10px|10px||&#8221; border_width_all=&#8221;1px&#8221; global_colors_info=&#8221;{}&#8221;]<\/p>\n<h3 class=\"min-h-8 text-message relative flex w-full flex-col items-end gap-2 whitespace-normal break-words text-start [.text-message+&amp;]:mt-5\" dir=\"auto\" style=\"text-align: center\" data-message-author-role=\"assistant\" data-message-id=\"8991b6eb-4d8a-4dfa-a606-2aaad495e42e\" data-message-model-slug=\"gpt-4o\"><strong>Izbirni predmeti za \u0161olsko leto 2026\/2027<\/strong><\/h3>\n<p>[\/et_pb_text][et_pb_toggle title=&#8221;Preberi ve\u010d&#8221; open=&#8221;on&#8221; open_toggle_text_color=&#8221;#f5f1d8&#8243; closed_toggle_text_color=&#8221;#000000&#8243; disabled_on=&#8221;off|off|off&#8221; admin_label=&#8221;Obvestilo spodnji del&#8221; _builder_version=&#8221;4.27.4&#8243; _module_preset=&#8221;default&#8221; title_text_color=&#8221;#f5f1d8&#8243; background_color=&#8221;#f5f1d8&#8243; custom_margin=&#8221;0px||||false|false&#8221; custom_padding=&#8221;5px||||false|false&#8221; border_radii=&#8221;off|||10px|10px&#8221; box_shadow_style=&#8221;preset1&#8243; global_colors_info=&#8221;{}&#8221;]<\/p>\n<p><a href=\"https:\/\/os-dragatus.splet.arnes.si\/files\/2026\/04\/obvestilo-in-predstavitve-neobveznih-zbirnih-predmetov-4-6r.pdf\">Predstavitve neobveznih izbirnih predmetov (4.\u20136. razred)<\/a><\/p>\n<p><a href=\"https:\/\/os-dragatus.splet.arnes.si\/files\/2026\/04\/predstavitve-obvezni-in-en-neobvezni-izbirni-20262027-7-9r.pdf\">Predstavitve obveznih in neobvezega izbirnega predmeta (7.\u20139. razred)<\/a><\/p>\n<p>[\/et_pb_toggle][et_pb_text disabled_on=&#8221;off|off|off&#8221; admin_label=&#8221;Obvestilo zgornji del&#8221; _builder_version=&#8221;4.27.4&#8243; _module_preset=&#8221;default&#8221; text_text_color=&#8221;#FFFFFF&#8221; header_3_text_color=&#8221;#FFFFFF&#8221; background_color=&#8221;#b8896b&#8221; custom_margin=&#8221;0px||0px||false|false&#8221; custom_padding=&#8221;10px||6px||false|false&#8221; border_radii=&#8221;off|10px|10px||&#8221; border_width_all=&#8221;1px&#8221; global_colors_info=&#8221;{}&#8221;]<\/p>\n<div class=\"flex max-w-full flex-col flex-grow\">\n<div class=\"min-h-8 text-message relative flex w-full flex-col items-end gap-2 whitespace-normal break-words text-start [.text-message+&amp;]:mt-5\" dir=\"auto\" data-message-author-role=\"assistant\" data-message-id=\"8991b6eb-4d8a-4dfa-a606-2aaad495e42e\" data-message-model-slug=\"gpt-4o\">\n<div class=\"flex w-full flex-col gap-1 empty:hidden first:pt-[3px]\">\n<div class=\"markdown prose w-full break-words dark:prose-invert dark\">\n<h3 style=\"text-align: center\">NO\u010c KNJIGE 2026<\/h3>\n<\/div>\n<\/div>\n<\/div>\n<\/div>\n<p>[\/et_pb_text][et_pb_toggle title=&#8221;Preberi ve\u010d&#8221; open=&#8221;on&#8221; open_toggle_text_color=&#8221;#f5f1d8&#8243; closed_toggle_text_color=&#8221;#000000&#8243; disabled_on=&#8221;off|off|off&#8221; admin_label=&#8221;Obvestilo spodnji del&#8221; _builder_version=&#8221;4.27.4&#8243; _module_preset=&#8221;default&#8221; title_text_color=&#8221;#f5f1d8&#8243; background_color=&#8221;#f5f1d8&#8243; custom_margin=&#8221;0px||||false|false&#8221; custom_padding=&#8221;5px||||false|false&#8221; hover_enabled=&#8221;0&#8243; border_radii=&#8221;off|||10px|10px&#8221; box_shadow_style=&#8221;preset1&#8243; global_colors_info=&#8221;{}&#8221; sticky_enabled=&#8221;0&#8243;]<\/p>\n<p><a href=\"https:\/\/os-dragatus.splet.arnes.si\/files\/2026\/04\/2.png\"><img loading=\"lazy\" decoding=\"async\" class=\"alignright wp-image-41828\" src=\"https:\/\/os-dragatus.splet.arnes.si\/files\/2026\/04\/2-300x300.png\" alt=\"\" width=\"250\" height=\"250\" \/><\/a><a href=\"https:\/\/os-dragatus.splet.arnes.si\/files\/2026\/04\/1.png\"><img loading=\"lazy\" decoding=\"async\" class=\"alignleft wp-image-41827\" src=\"https:\/\/os-dragatus.splet.arnes.si\/files\/2026\/04\/1-300x300.png\" alt=\"\" width=\"250\" height=\"250\" \/><\/a><\/p>\n<p>[\/et_pb_toggle][et_pb_text disabled_on=&#8221;on|on|on&#8221; admin_label=&#8221;Obvestilo zgornji del&#8221; _builder_version=&#8221;4.27.4&#8243; _module_preset=&#8221;default&#8221; text_text_color=&#8221;#FFFFFF&#8221; header_3_text_color=&#8221;#FFFFFF&#8221; background_color=&#8221;#b8896b&#8221; custom_margin=&#8221;0px||0px||false|false&#8221; custom_padding=&#8221;10px||6px||false|false&#8221; border_radii=&#8221;off|10px|10px||&#8221; border_width_all=&#8221;1px&#8221; disabled=&#8221;on&#8221; global_colors_info=&#8221;{}&#8221;]<\/p>\n<div class=\"flex max-w-full flex-col flex-grow\">\n<div class=\"min-h-8 text-message relative flex w-full flex-col items-end gap-2 whitespace-normal break-words text-start [.text-message+&amp;]:mt-5\" dir=\"auto\" data-message-author-role=\"assistant\" data-message-id=\"8991b6eb-4d8a-4dfa-a606-2aaad495e42e\" data-message-model-slug=\"gpt-4o\">\n<div class=\"flex w-full flex-col gap-1 empty:hidden first:pt-[3px]\">\n<div class=\"markdown prose w-full break-words dark:prose-invert dark\">\n<h3 style=\"text-align: center\" data-start=\"0\" data-end=\"28\">Zbiranje starega papirja za valeto in zaklju\u010dni izlet<\/h3>\n<\/div>\n<\/div>\n<\/div>\n<\/div>\n<p>[\/et_pb_text][et_pb_toggle title=&#8221;Preberi ve\u010d&#8221; open=&#8221;on&#8221; open_toggle_text_color=&#8221;#f5f1d8&#8243; closed_toggle_text_color=&#8221;#000000&#8243; disabled_on=&#8221;on|on|on&#8221; admin_label=&#8221;Obvestilo spodnji del&#8221; _builder_version=&#8221;4.27.4&#8243; _module_preset=&#8221;default&#8221; title_text_color=&#8221;#f5f1d8&#8243; background_color=&#8221;#f5f1d8&#8243; custom_margin=&#8221;0px||||false|false&#8221; custom_padding=&#8221;5px||||false|false&#8221; border_radii=&#8221;off|||10px|10px&#8221; box_shadow_style=&#8221;preset1&#8243; disabled=&#8221;on&#8221; global_colors_info=&#8221;{}&#8221;]<\/p>\n<p>Obve\u0161\u010damo vas, da bomo u\u010denci 9. razreda O\u0160 Dragatu\u0161, zbirali star papir. Izkupi\u010dek bomo namenili za na\u0161o valeto in zaklju\u010dni izlet.<\/p>\n<p><strong>Zbiralna akcija starega papirja bo potekala od 20. do 24. 10. 2025.<\/strong><\/p>\n<p>Podjetje DINOS bo pripeljalo zabojnik, ki se bo nahajal <strong>na parkiri\u0161\u010du pred O\u0160 Dragatu\u0161 <\/strong>in vanj se bo odlagal prineseni star papir.<\/p>\n<p>Nekaj dodatnih navodil za zbiranje papirja:<\/p>\n<ul>\n<li>Med star papir sodijo: zvezki, knjige, \u010dasopisi, revije, reklame, pisarni\u0161ki papir (brez ovitkov, plasti\u010dnih map in kartonskih \u0161katel).<\/li>\n<li>Papir se zlaga v zabojnik brez kartonskih \u0161katel ali plasti\u010dnih vre\u010dk.<\/li>\n<li>V primeru, da papirja ne morete pripeljati, pokli\u010dite na telefonsko \u0161tevilko (051 235 434 Ne\u017ea) ali (041 309 086 Tim) in se bomo zmenili za odvoz.<\/li>\n<\/ul>\n<p>V naprej se vam lepo zahvaljujemo in vas vabimo k sodelovanju.<\/p>\n<p style=\"text-align: right\">U\u010denci 9. razreda<\/p>\n<p>[\/et_pb_toggle][et_pb_text disabled_on=&#8221;off|off|off&#8221; admin_label=&#8221;Obvestilo zgornji del&#8221; _builder_version=&#8221;4.27.4&#8243; _module_preset=&#8221;default&#8221; text_text_color=&#8221;#FFFFFF&#8221; header_3_text_color=&#8221;#FFFFFF&#8221; background_color=&#8221;#b8896b&#8221; custom_margin=&#8221;0px||0px||false|false&#8221; custom_padding=&#8221;10px||6px||false|false&#8221; border_radii=&#8221;off|10px|10px||&#8221; border_width_all=&#8221;1px&#8221; global_colors_info=&#8221;{}&#8221;]<\/p>\n<div class=\"flex max-w-full flex-col flex-grow\">\n<div class=\"min-h-8 text-message relative flex w-full flex-col items-end gap-2 whitespace-normal break-words text-start [.text-message+&amp;]:mt-5\" dir=\"auto\" data-message-author-role=\"assistant\" data-message-id=\"8991b6eb-4d8a-4dfa-a606-2aaad495e42e\" data-message-model-slug=\"gpt-4o\">\n<div class=\"flex w-full flex-col gap-1 empty:hidden first:pt-[3px]\">\n<div class=\"markdown prose w-full break-words dark:prose-invert dark\">\n<h3 style=\"text-align: center\" data-start=\"0\" data-end=\"28\"><strong data-start=\"0\" data-end=\"28\" data-is-last-node=\"\" data-is-only-node=\"\">Navodila za vstop v \u0161olo<\/strong><\/h3>\n<\/div>\n<\/div>\n<\/div>\n<\/div>\n<p>[\/et_pb_text][et_pb_toggle title=&#8221;Preberi ve\u010d&#8221; open_toggle_text_color=&#8221;#f5f1d8&#8243; closed_toggle_text_color=&#8221;#000000&#8243; disabled_on=&#8221;off|off|off&#8221; admin_label=&#8221;Obvestilo spodnji del&#8221; _builder_version=&#8221;4.27.4&#8243; _module_preset=&#8221;default&#8221; title_text_color=&#8221;#f5f1d8&#8243; background_color=&#8221;#f5f1d8&#8243; custom_margin=&#8221;0px||||false|false&#8221; custom_padding=&#8221;5px||||false|false&#8221; border_radii=&#8221;off|||10px|10px&#8221; box_shadow_style=&#8221;preset1&#8243; global_colors_info=&#8221;{}&#8221;]<\/p>\n<p style=\"text-align: left\"><strong>Od 8.00 do 12.00<\/strong> lahko obiskovalci vstopate v \u0161olo tako, da pozvonite ali pokli\u010dete na telefonske \u0161tevilke:<\/p>\n<p>07 3057 810 (tajni\u0161tvo)<br \/>07 5555 811 (ravnateljica)<br \/>07 5555 812 (svetovalna delavka)<br \/>07 5555 815 (vrtec)<\/p>\n<p>[\/et_pb_toggle][et_pb_text disabled_on=&#8221;on|on|on&#8221; admin_label=&#8221;Obvestilo zgornji del&#8221; _builder_version=&#8221;4.27.4&#8243; _module_preset=&#8221;default&#8221; text_text_color=&#8221;#FFFFFF&#8221; header_3_text_color=&#8221;#FFFFFF&#8221; background_color=&#8221;#b8896b&#8221; custom_margin=&#8221;0px||0px||false|false&#8221; custom_padding=&#8221;10px||6px||false|false&#8221; border_radii=&#8221;off|10px|10px||&#8221; border_width_all=&#8221;1px&#8221; disabled=&#8221;on&#8221; global_colors_info=&#8221;{}&#8221;]<\/p>\n<div class=\"flex max-w-full flex-col flex-grow\">\n<div class=\"min-h-8 text-message relative flex w-full flex-col items-end gap-2 whitespace-normal break-words text-start [.text-message+&amp;]:mt-5\" dir=\"auto\" data-message-author-role=\"assistant\" data-message-id=\"8991b6eb-4d8a-4dfa-a606-2aaad495e42e\" data-message-model-slug=\"gpt-4o\">\n<div class=\"flex w-full flex-col gap-1 empty:hidden first:pt-[3px]\">\n<div class=\"markdown prose w-full break-words dark:prose-invert dark\">\n<h3 style=\"text-align: center\" data-start=\"0\" data-end=\"28\"><strong>Pobuda &#8220;Skupaj za \u0161ole&#8221;<\/strong><\/h3>\n<\/div>\n<\/div>\n<\/div>\n<\/div>\n<p>[\/et_pb_text][et_pb_toggle title=&#8221;Preberi ve\u010d&#8221; open=&#8221;on&#8221; open_toggle_text_color=&#8221;#f5f1d8&#8243; closed_toggle_text_color=&#8221;#000000&#8243; disabled_on=&#8221;on|on|on&#8221; admin_label=&#8221;Obvestilo spodnji del&#8221; _builder_version=&#8221;4.27.4&#8243; _module_preset=&#8221;default&#8221; title_text_color=&#8221;#f5f1d8&#8243; background_color=&#8221;#f5f1d8&#8243; custom_margin=&#8221;0px||||false|false&#8221; custom_padding=&#8221;5px||||false|false&#8221; border_radii=&#8221;off|||10px|10px&#8221; box_shadow_style=&#8221;preset1&#8243; disabled=&#8221;on&#8221; global_colors_info=&#8221;{}&#8221;]<\/p>\n<p>Spo\u0161tovani star\u0161i,<\/p>\n<p>Na \u017eeljo Sveta star\u0161ev vas vabimo, da podpi\u0161ete pobudo &#8220;Skupaj za \u0161ole&#8221;, ki si prizadeva za izbolj\u0161anje razmer v na\u0161em \u0161olstvu. Podpise bomo zbirali na govorilni uri, ki bo v \u010detrtek.<\/p>\n<p><a href=\"https:\/\/os-dragatus.splet.arnes.si\/files\/2025\/02\/Pobuda-Skupaj_za_sole-za-posiljanje.pdf\">Preberi: Pobuda &#8220;Skupaj za \u0161ole&#8221; (klik za ogled)<\/a><\/p>\n<p>[\/et_pb_toggle][et_pb_text admin_label=&#8221;NEDAVNI DOGODKI&#8221; _builder_version=&#8221;4.27.4&#8243; _module_preset=&#8221;default&#8221; global_colors_info=&#8221;{}&#8221;]<\/p>\n<h1 style=\"text-align: center\">NEDAVNI DOGODKI<\/h1>\n<p>[\/et_pb_text][et_pb_blog fullwidth=&#8221;off&#8221; include_categories=&#8221;10&#8243; meta_date=&#8221;j. F Y&#8221; excerpt_length=&#8221;140&#8243; show_more=&#8221;on&#8221; show_author=&#8221;off&#8221; show_categories=&#8221;off&#8221; admin_label=&#8221;Blog&#8221; module_class=&#8221;pa-blog-image-3-2&#8243; _builder_version=&#8221;4.27.4&#8243; _module_preset=&#8221;default&#8221; pagination_text_color=&#8221;#000000&#8243; width=&#8221;100%&#8221; module_alignment=&#8221;center&#8221; animation_direction=&#8221;top&#8221; custom_css_main_element=&#8221;column-count: 2;||column-gap: 20px;&#8221; custom_css_free_form=&#8221;\/*blog image aspect ratio landscape 3:2*\/||||.pa-blog-image-3-2 .entry-featured-image-url {||  padding-top: 66.66%;||  display: block;||}||||.pa-blog-image-3-2 .entry-featured-image-url img {||  position: absolute;||  height: 100%;||  width: 100%;||  top: 0;||  left: 0;||  right: 0;||  bottom: 0;||  object-fit: cover;||}&#8221; border_radii=&#8221;on|10px|10px|10px|10px&#8221; box_shadow_style=&#8221;preset3&#8243; global_colors_info=&#8221;{}&#8221;][\/et_pb_blog][\/et_pb_column][et_pb_column type=&#8221;1_4&#8243; _builder_version=&#8221;4.27.0&#8243; _module_preset=&#8221;default&#8221; global_colors_info=&#8221;{}&#8221;][et_pb_sidebar area=&#8221;et_pb_widget_area_7&#8243; admin_label=&#8221;Sidebar&#8221; _builder_version=&#8221;4.27.0&#8243; _module_preset=&#8221;default&#8221; global_colors_info=&#8221;{}&#8221;][\/et_pb_sidebar][\/et_pb_column][\/et_pb_row][\/et_pb_section]<\/p>\n","protected":false},"excerpt":{"rendered":"<p>Izbirni predmeti za \u0161olsko leto 2026\/2027Predstavitve neobveznih izbirnih predmetov (4.\u20136. razred) Predstavitve obveznih in neobvezega izbirnega predmeta (7.\u20139. razred) NO\u010c KNJIGE 2026 Zbiranje starega papirja za valeto in zaklju\u010dni izlet Obve\u0161\u010damo vas, da bomo u\u010denci 9. razreda O\u0160 Dragatu\u0161, zbirali star papir. Izkupi\u010dek bomo namenili za na\u0161o valeto in zaklju\u010dni izlet. Zbiralna akcija starega papirja [&hellip;]<\/p>\n","protected":false},"author":111801,"featured_media":0,"parent":0,"menu_order":0,"comment_status":"closed","ping_status":"closed","template":"","meta":{"_et_pb_use_builder":"on","_et_pb_old_content":"","_et_gb_content_width":"","ngg_post_thumbnail":0,"footnotes":"","_expiration-date-status":"","_expiration-date":0,"_expiration-date-type":"","_expiration-date-categories":[],"_expiration-date-options":[]},"class_list":["post-36611","page","type-page","status-publish","hentry"],"_links":{"self":[{"href":"https:\/\/os-dragatus.splet.arnes.si\/index.php?rest_route=\/wp\/v2\/pages\/36611","targetHints":{"allow":["GET"]}}],"collection":[{"href":"https:\/\/os-dragatus.splet.arnes.si\/index.php?rest_route=\/wp\/v2\/pages"}],"about":[{"href":"https:\/\/os-dragatus.splet.arnes.si\/index.php?rest_route=\/wp\/v2\/types\/page"}],"author":[{"embeddable":true,"href":"https:\/\/os-dragatus.splet.arnes.si\/index.php?rest_route=\/wp\/v2\/users\/111801"}],"replies":[{"embeddable":true,"href":"https:\/\/os-dragatus.splet.arnes.si\/index.php?rest_route=%2Fwp%2Fv2%2Fcomments&post=36611"}],"version-history":[{"count":14,"href":"https:\/\/os-dragatus.splet.arnes.si\/index.php?rest_route=\/wp\/v2\/pages\/36611\/revisions"}],"predecessor-version":[{"id":41834,"href":"https:\/\/os-dragatus.splet.arnes.si\/index.php?rest_route=\/wp\/v2\/pages\/36611\/revisions\/41834"}],"wp:attachment":[{"href":"https:\/\/os-dragatus.splet.arnes.si\/index.php?rest_route=%2Fwp%2Fv2%2Fmedia&parent=36611"}],"curies":[{"name":"wp","href":"https:\/\/api.w.org\/{rel}","templated":true}]}}