{"id":30162,"date":"2023-04-13T19:13:04","date_gmt":"2023-04-13T17:13:04","guid":{"rendered":"https:\/\/os-dragatus.splet.arnes.si\/?page_id=30162"},"modified":"2023-04-13T19:19:01","modified_gmt":"2023-04-13T17:19:01","slug":"projekt-posodobitev-omrezij-lan-na-viz","status":"publish","type":"page","link":"https:\/\/os-dragatus.splet.arnes.si\/?page_id=30162","title":{"rendered":"Projekt Posodobitev omre\u017eij LAN na VIZ"},"content":{"rendered":"<h4><img loading=\"lazy\" decoding=\"async\" class=\"alignnone size-full wp-image-30164\" src=\"https:\/\/os-dragatus.splet.arnes.si\/files\/2023\/04\/NOO_Arnes_Ministrstvo-za-vzgojo-in-izobrazevanje_EU.png\" alt=\"\" width=\"877\" height=\"90\" srcset=\"https:\/\/os-dragatus.splet.arnes.si\/files\/2023\/04\/NOO_Arnes_Ministrstvo-za-vzgojo-in-izobrazevanje_EU.png 877w, https:\/\/os-dragatus.splet.arnes.si\/files\/2023\/04\/NOO_Arnes_Ministrstvo-za-vzgojo-in-izobrazevanje_EU-400x41.png 400w, https:\/\/os-dragatus.splet.arnes.si\/files\/2023\/04\/NOO_Arnes_Ministrstvo-za-vzgojo-in-izobrazevanje_EU-800x82.png 800w, https:\/\/os-dragatus.splet.arnes.si\/files\/2023\/04\/NOO_Arnes_Ministrstvo-za-vzgojo-in-izobrazevanje_EU-768x79.png 768w, https:\/\/os-dragatus.splet.arnes.si\/files\/2023\/04\/NOO_Arnes_Ministrstvo-za-vzgojo-in-izobrazevanje_EU-536x55.png 536w\" sizes=\"(max-width: 877px) 100vw, 877px\" \/><\/h4>\n<p><strong>Naziv operacije:&nbsp;<\/strong>Posodobitev ra\u010dunalni\u0161kih omre\u017eij LAN na VIZ v osnovnem in srednjem \u0161olstvu ter organizacijah za izobra\u017eevanje odraslih<\/p>\n<p><strong>Cilji projekta:&nbsp;<\/strong>Namen projekta <a href=\"https:\/\/www.arnes.si\/posodobitev-omrezij-lan-na-viz\/\" target=\"_blank\" rel=\"noopener\">Posodobitev omre\u017eij LAN na VIZ<\/a>&nbsp;je posodobiti ra\u010dunalni\u0161ka omre\u017eja; pregled obstoje\u010dega stanja, izdelava na\u010drta posodobitve, izvedba posodobitve \u2013 nadgradnja aktivne in pasivne opreme v osnovnem in srednjem \u0161olstvu ter na organizacijah izobra\u017eevanja za odrasle. Skupna vrednost programa zna\u0161a 5.533.333,81 \u20ac, sredstva mehanizma za okrevanje in odpornost zna\u0161ajo 4.605.647 \u20ac.<\/p>\n<p><strong>Vloga Evropske unije:&nbsp;<\/strong>Na\u010drt za okrevanje in odpornost je podlaga za kori\u0161\u010denje sredstev evropskega Mehanizma za okrevanje in odpornost. Pripomogel bo k okrevanju slovenskega gospodarstva in prispeval k bla\u017eitvi socialnih posledic pandemije covida-19. Z izvedbo na\u010drtovanih reform in nalo\u017eb za zeleni in digitalni prehod bo slovenska dru\u017eba bolj trajnostna, odpornej\u0161a in bolje pripravljena na izzive prihodnosti. NOO sofinancirata Evropska unija in Ministrstvo za vzgojo in izobra\u017eevanje v okviru odziva Unije na pandemijo COVID-19.<\/p>\n<p>Vse informacije o izvajanju Na\u010drta za okrevanje in odpornost (NOO) v Republiki Sloveniji najdete na spletni strani&nbsp;<a href=\"https:\/\/www.gov.si\/zbirke\/projekti-in-programi\/nacrt-za-okrevanje-in-odpornost\" target=\"_blank\" rel=\"noopener\">noo.gov.si<\/a>.<\/p>\n","protected":false},"excerpt":{"rendered":"<p>Naziv operacije:&nbsp;Posodobitev ra\u010dunalni\u0161kih omre\u017eij LAN na VIZ v osnovnem in srednjem \u0161olstvu ter organizacijah za izobra\u017eevanje odraslih Cilji projekta:&nbsp;Namen projekta Posodobitev omre\u017eij LAN na VIZ&nbsp;je posodobiti ra\u010dunalni\u0161ka omre\u017eja; pregled obstoje\u010dega stanja, izdelava na\u010drta posodobitve, izvedba posodobitve \u2013 nadgradnja aktivne in pasivne opreme v osnovnem in srednjem \u0161olstvu ter na organizacijah izobra\u017eevanja za odrasle. Skupna vrednost [&hellip;]<\/p>\n","protected":false},"author":1706,"featured_media":0,"parent":0,"menu_order":0,"comment_status":"closed","ping_status":"closed","template":"","meta":{"_et_pb_use_builder":"","_et_pb_old_content":"","_et_gb_content_width":"","ngg_post_thumbnail":0,"footnotes":"","_expiration-date-status":"","_expiration-date":0,"_expiration-date-type":"","_expiration-date-categories":[],"_expiration-date-options":[]},"class_list":["post-30162","page","type-page","status-publish","hentry"],"_links":{"self":[{"href":"https:\/\/os-dragatus.splet.arnes.si\/index.php?rest_route=\/wp\/v2\/pages\/30162","targetHints":{"allow":["GET"]}}],"collection":[{"href":"https:\/\/os-dragatus.splet.arnes.si\/index.php?rest_route=\/wp\/v2\/pages"}],"about":[{"href":"https:\/\/os-dragatus.splet.arnes.si\/index.php?rest_route=\/wp\/v2\/types\/page"}],"author":[{"embeddable":true,"href":"https:\/\/os-dragatus.splet.arnes.si\/index.php?rest_route=\/wp\/v2\/users\/1706"}],"replies":[{"embeddable":true,"href":"https:\/\/os-dragatus.splet.arnes.si\/index.php?rest_route=%2Fwp%2Fv2%2Fcomments&post=30162"}],"version-history":[{"count":4,"href":"https:\/\/os-dragatus.splet.arnes.si\/index.php?rest_route=\/wp\/v2\/pages\/30162\/revisions"}],"predecessor-version":[{"id":30169,"href":"https:\/\/os-dragatus.splet.arnes.si\/index.php?rest_route=\/wp\/v2\/pages\/30162\/revisions\/30169"}],"wp:attachment":[{"href":"https:\/\/os-dragatus.splet.arnes.si\/index.php?rest_route=%2Fwp%2Fv2%2Fmedia&parent=30162"}],"curies":[{"name":"wp","href":"https:\/\/api.w.org\/{rel}","templated":true}]}}