{"id":27085,"date":"2022-07-05T13:06:32","date_gmt":"2022-07-05T11:06:32","guid":{"rendered":"https:\/\/os-dragatus.splet.arnes.si\/?page_id=27085"},"modified":"2024-07-11T14:14:44","modified_gmt":"2024-07-11T12:14:44","slug":"varne-solske-poti","status":"publish","type":"page","link":"https:\/\/os-dragatus.splet.arnes.si\/?page_id=27085","title":{"rendered":"Varne \u0161olske poti"},"content":{"rendered":"<p><strong><span style=\"color: #000000\">ZEMLJEVID \u0160OLSKEGA OKOLI\u0160A O\u0160 DRAGATU\u0160<\/span><\/strong><\/p>\n<p><img loading=\"lazy\" decoding=\"async\" class=\"alignnone size-full wp-image-35362\" src=\"https:\/\/os-dragatus.splet.arnes.si\/files\/2024\/07\/solski-okolis-24-25.jpg\" alt=\"\" width=\"706\" height=\"700\" srcset=\"https:\/\/os-dragatus.splet.arnes.si\/files\/2024\/07\/solski-okolis-24-25.jpg 706w, https:\/\/os-dragatus.splet.arnes.si\/files\/2024\/07\/solski-okolis-24-25-303x300.jpg 303w, https:\/\/os-dragatus.splet.arnes.si\/files\/2024\/07\/solski-okolis-24-25-605x600.jpg 605w, https:\/\/os-dragatus.splet.arnes.si\/files\/2024\/07\/solski-okolis-24-25-55x55.jpg 55w, https:\/\/os-dragatus.splet.arnes.si\/files\/2024\/07\/solski-okolis-24-25-80x80.jpg 80w, https:\/\/os-dragatus.splet.arnes.si\/files\/2024\/07\/solski-okolis-24-25-100x100.jpg 100w\" sizes=\"(max-width: 706px) 100vw, 706px\" \/><\/p>\n<p>Povezave do zemljevidov vasi s potmi u\u010dencev od doma do postajali\u0161\u010d <span style=\"color: #ff0000\">KOMBIJA<\/span> ali <span style=\"color: #0000ff\">AVTOBUSA<\/span>.<\/p>\n<table style=\"width: 700px;border-color: #000000;border-style: solid\" border=\"1\" cellspacing=\"1\">\n<tbody>\n<tr style=\"border-color: #000000\">\n<td style=\"width: 100px;vertical-align: middle;height: 44px;border-style: solid;text-align: left\"><span style=\"color: #ff0000\"><strong>KOMBI<\/strong><\/span><\/td>\n<td style=\"width: 170px;height: 44px;border-style: solid;vertical-align: middle;text-align: left\"><span style=\"color: #0000ff\"><strong>AVTOBUS<br \/>\n<\/strong>(smer Kvasica)<\/span><\/td>\n<td style=\"width: 170px;vertical-align: middle;height: 44px;border-style: solid;text-align: left\"><span style=\"color: #ff0000\"><strong><span style=\"color: #0000ff\">AVTOBUS<\/span><\/strong><br \/>\n<span style=\"color: #0000ff\">(smer Suhor)<\/span><br \/>\n<\/span><\/td>\n<td style=\"width: 100px;vertical-align: middle;height: 44px;border-style: solid;text-align: left\"><span style=\"color: #ff0000\"><span style=\"color: #008000\"><strong>PE\u0160<\/strong><\/span><br \/>\n<span style=\"color: #000000\">(Dragatu\u0161)<\/span><br \/>\n<\/span><\/td>\n<\/tr>\n<tr style=\"border-color: #000000\">\n<td style=\"width: 100px;vertical-align: middle;height: 84px;border-style: solid;text-align: left\"><a href=\"https:\/\/os-dragatus.splet.arnes.si\/files\/2024\/07\/prevoz-24-25-Tanca-Gora-Finki-kombi.png\" target=\"_blank\" rel=\"noopener\">FINKI<\/a><br \/>\n<a href=\"https:\/\/os-dragatus.splet.arnes.si\/files\/2024\/07\/prevoz-24-25-Breznik-kombi.png\" target=\"_blank\" rel=\"noopener\">BREZNIK<\/a><br \/>\n<a href=\"https:\/\/os-dragatus.splet.arnes.si\/files\/2024\/07\/prevoz-24-25-Obrh-pri-Dragatusu-kombi.png\" target=\"_blank\" rel=\"noopener\">OBRH<\/a><br \/>\n<a href=\"https:\/\/os-dragatus.splet.arnes.si\/files\/2024\/07\/prevoz-24-25-Zapudje-spodnji-del-vasi-Golek-kombi.png\" target=\"_blank\" rel=\"noopener\">ZAPUDJE 1<\/a><br \/>\n<a href=\"https:\/\/os-dragatus.splet.arnes.si\/files\/2024\/07\/prevoz-24-25-Zapudje-zgornji-del-vasi-kombi.png\" target=\"_blank\" rel=\"noopener\">ZAPUDJE 2<\/a><br \/>\n<a href=\"https:\/\/os-dragatus.splet.arnes.si\/files\/2024\/07\/prevoz-24-25-Sipek-kombi.png\" target=\"_blank\" rel=\"noopener\">\u0160IPEK<\/a><br \/>\n<a href=\"https:\/\/os-dragatus.splet.arnes.si\/files\/2024\/07\/prevoz-24-25-Brdarci-kombi.png\" target=\"_blank\" rel=\"noopener\">BRDARCI<\/a><br \/>\n<a href=\"https:\/\/os-dragatus.splet.arnes.si\/files\/2024\/07\/prevoz-24-25-Podlog-kombi.png\" target=\"_blank\" rel=\"noopener\">PODLOG<\/a><\/td>\n<td style=\"width: 170px;vertical-align: top;height: 84px;border-style: solid;text-align: left\"><a href=\"https:\/\/os-dragatus.splet.arnes.si\/files\/2024\/07\/prevoz-24-25-Dragovanja-vas-pri-Buckotu-bus.png\" target=\"_blank\" rel=\"noopener\">DRAGOVANJA VAS (\u0160pec)<\/a><br \/>\n<a href=\"https:\/\/os-dragatus.splet.arnes.si\/files\/2024\/07\/prevoz-24-25-Dragovanja-vas-bus.png\" target=\"_blank\" rel=\"noopener\">DRAGOVANJA VAS<\/a><br \/>\n<a href=\"https:\/\/os-dragatus.splet.arnes.si\/files\/2024\/07\/prevoz-24-25-Kvasica-1-bus.png\" target=\"_blank\" rel=\"noopener\">KVASICA<\/a><br \/>\n<a href=\"https:\/\/os-dragatus.splet.arnes.si\/files\/2024\/07\/prevoz-24-25-Tanca-Gora-1-spodnji-del-vasi-bus.png\" target=\"_blank\" rel=\"noopener\">TAN\u010cA GORA &#8211; 1<\/a><br \/>\n<a href=\"https:\/\/os-dragatus.splet.arnes.si\/files\/2024\/07\/prevoz-24-25-Tanca-Gora-jug-bus.png\" target=\"_blank\" rel=\"noopener\">TAN\u010cA GORA &#8211; JUG<\/a><br \/>\n<a href=\"https:\/\/os-dragatus.splet.arnes.si\/files\/2024\/07\/prevoz-24-25-Tanca-Gora-sever-bus.png\" target=\"_blank\" rel=\"noopener\">TAN\u010cA GORA &#8211; SEVER<\/a><br \/>\n<a href=\"https:\/\/os-dragatus.splet.arnes.si\/files\/2024\/07\/prevoz-24-25-Sela-pri-Dragatusu-bus.png\" target=\"_blank\" rel=\"noopener\">SELA<\/a><br \/>\n<a href=\"https:\/\/os-dragatus.splet.arnes.si\/files\/2024\/07\/prevoz-24-25-Golek-bus.png\" target=\"_blank\" rel=\"noopener\">GOLEK<\/a><\/td>\n<td style=\"width: 170px;vertical-align: top;height: 84px;border-style: solid;text-align: left\"><a href=\"https:\/\/os-dragatus.splet.arnes.si\/files\/2024\/07\/prevoz-24-25-Gornji-Suhor-pri-Vinici-bus.png\" target=\"_blank\" rel=\"noopener\">GORNJI SUHOR<\/a><br \/>\n<a href=\"https:\/\/os-dragatus.splet.arnes.si\/files\/2024\/07\/prevoz-24-25-Dolenji-Suhor-pri-Vinici-bus.png\" target=\"_blank\" rel=\"noopener\">DOLENJI SUHOR<\/a><br \/>\n<a href=\"https:\/\/os-dragatus.splet.arnes.si\/files\/2024\/07\/prevoz-24-25-Belcji-Vrh-bus.png\" target=\"_blank\" rel=\"noopener\">BEL\u010cJI VRH<\/a><br \/>\n<a href=\"https:\/\/os-dragatus.splet.arnes.si\/files\/2024\/07\/prevoz-24-25-Knezina-bus.png\" target=\"_blank\" rel=\"noopener\">KNE\u017dINA<\/a><br \/>\n<a href=\"https:\/\/os-dragatus.splet.arnes.si\/files\/2024\/07\/prevoz-24-25-Mala-Lahinja-bus.png\" target=\"_blank\" rel=\"noopener\">MALA LAHINJA<\/a><br \/>\n<a href=\"https:\/\/os-dragatus.splet.arnes.si\/files\/2024\/07\/prevoz-24-25-Mali-Nerajec-bus.png\" target=\"_blank\" rel=\"noopener\">MALI NERAJEC<\/a><br \/>\n<a href=\"https:\/\/os-dragatus.splet.arnes.si\/files\/2024\/07\/prevoz-24-25-Veliki-Nerajec-bus.png\" target=\"_blank\" rel=\"noopener\">VELIKI NERAJEC<\/a><br \/>\n<a href=\"https:\/\/os-dragatus.splet.arnes.si\/files\/2024\/07\/prevoz-24-25-Pusti-Gradec-bus.png\" target=\"_blank\" rel=\"noopener\">PUSTI GRADEC<\/a><\/td>\n<td style=\"width: 100px;vertical-align: top;height: 84px;border-style: solid;text-align: left\"><a href=\"https:\/\/os-dragatus.splet.arnes.si\/files\/2024\/07\/prevoz-24-25-Dragatus-pes.png\" target=\"_blank\" rel=\"noopener\">DRAGATU\u0160<\/a><\/td>\n<\/tr>\n<\/tbody>\n<\/table>\n","protected":false},"excerpt":{"rendered":"<p>ZEMLJEVID \u0160OLSKEGA OKOLI\u0160A O\u0160 DRAGATU\u0160 Povezave do zemljevidov vasi s potmi u\u010dencev od doma do postajali\u0161\u010d KOMBIJA ali AVTOBUSA. KOMBI AVTOBUS (smer Kvasica) AVTOBUS (smer Suhor) PE\u0160 (Dragatu\u0161) FINKI BREZNIK OBRH ZAPUDJE 1 ZAPUDJE 2 \u0160IPEK BRDARCI PODLOG DRAGOVANJA VAS (\u0160pec) DRAGOVANJA VAS KVASICA TAN\u010cA GORA &#8211; 1 TAN\u010cA GORA &#8211; JUG TAN\u010cA GORA &#8211; [&hellip;]<\/p>\n","protected":false},"author":1706,"featured_media":0,"parent":0,"menu_order":0,"comment_status":"closed","ping_status":"closed","template":"","meta":{"_et_pb_use_builder":"","_et_pb_old_content":"","_et_gb_content_width":"","ngg_post_thumbnail":0,"footnotes":"","_expiration-date-status":"","_expiration-date":0,"_expiration-date-type":"","_expiration-date-categories":[],"_expiration-date-options":[]},"class_list":["post-27085","page","type-page","status-publish","hentry"],"_links":{"self":[{"href":"https:\/\/os-dragatus.splet.arnes.si\/index.php?rest_route=\/wp\/v2\/pages\/27085","targetHints":{"allow":["GET"]}}],"collection":[{"href":"https:\/\/os-dragatus.splet.arnes.si\/index.php?rest_route=\/wp\/v2\/pages"}],"about":[{"href":"https:\/\/os-dragatus.splet.arnes.si\/index.php?rest_route=\/wp\/v2\/types\/page"}],"author":[{"embeddable":true,"href":"https:\/\/os-dragatus.splet.arnes.si\/index.php?rest_route=\/wp\/v2\/users\/1706"}],"replies":[{"embeddable":true,"href":"https:\/\/os-dragatus.splet.arnes.si\/index.php?rest_route=%2Fwp%2Fv2%2Fcomments&post=27085"}],"version-history":[{"count":201,"href":"https:\/\/os-dragatus.splet.arnes.si\/index.php?rest_route=\/wp\/v2\/pages\/27085\/revisions"}],"predecessor-version":[{"id":27117,"href":"https:\/\/os-dragatus.splet.arnes.si\/index.php?rest_route=\/wp\/v2\/pages\/27085\/revisions\/27117"}],"wp:attachment":[{"href":"https:\/\/os-dragatus.splet.arnes.si\/index.php?rest_route=%2Fwp%2Fv2%2Fmedia&parent=27085"}],"curies":[{"name":"wp","href":"https:\/\/api.w.org\/{rel}","templated":true}]}}