{"id":22483,"date":"2019-07-04T13:12:14","date_gmt":"2019-07-04T11:12:14","guid":{"rendered":"http:\/\/os-dragatus.splet.arnes.si\/?page_id=22483"},"modified":"2024-09-20T08:07:21","modified_gmt":"2024-09-20T06:07:21","slug":"eduroam","status":"publish","type":"page","link":"https:\/\/os-dragatus.splet.arnes.si\/?page_id=22483","title":{"rendered":"Eduroam"},"content":{"rendered":"<h1 class=\"entry-title main_title\"><img decoding=\"async\" src=\"http:\/\/osig.splet.arnes.si\/files\/2017\/07\/eduroam_trans_450pix-300x130.png\"\/><\/h1>\n<div class=\"entry-content\">\n<h1><strong>Brez\u017ei\u010dno izobra\u017eevalno omre\u017eje EDUROAM<\/strong><\/h1>\n<p><strong>OSNOVNA \u0160OLA KOMANDANTA STANETA DRAGATU\u0160<\/strong>&nbsp;nudi zaposlenim, dijakom in \u0161tudentom mo\u017enost brezpla\u010dnega dostopa do brez\u017ei\u010dnega ra\u010dunalni\u0161kega omre\u017eja eduroam. Tako dodeljeni dostop ni namenjen komercialni uporabi. eduroam je del \u0161olskega omre\u017eja, ki je povezano v omre\u017eje Arnes in evropski sistem, zato zanj veljajo enaka pravila kot za dostop do omre\u017eja Arnes (<a href=\"http:\/\/www.arnes.si\/pomoc-uporabnikom\/pravila-uporabe-omrezja-arnes\" target=\"_blank\" rel=\"noopener noreferrer\">http:\/\/www.arnes.si\/pomoc-uporabnikom\/pravila-uporabe-omrezja-arnes<\/a>).<\/p>\n<h3><strong>1. Kaj je eduroam?<\/strong><\/h3>\n<p>Storitev eduroam omogo\u010da u\u010de\u010dim&nbsp;in zaposlenim varen in preprost dostop do za\u0161\u010ditenega brez\u017ei\u010dnega (WLAN) omre\u017eja na na\u0161i organizaciji in gostovanje v omre\u017ejih drugih institucij, vklju\u010denih v sistem Eduroam.<\/p>\n<p>V omre\u017eje eduroam so vklju\u010dene izobra\u017eevalne in raziskovalne ustanove (fakultete, in\u0161tituti, srednje \u0161ole, osnovne \u0161ole\u2026) v Sloveniji (<a href=\"http:\/\/www.eduroam.si\/\" target=\"_blank\" rel=\"noopener noreferrer\">http:\/\/www.eduroam.si<\/a>) in tujini (<a href=\"http:\/\/www.eduroam.org\/\" target=\"_blank\" rel=\"noopener noreferrer\">http:\/\/www.eduroam.org<\/a>).<\/p>\n<p>Omre\u017eje je zasnovano tako, da lahko dijaki, \u0161tudentje ali zaposleni dostopajo transparentno in brezpla\u010dno v katerikoli zgoraj navedeni ustanovi (doma in v tujini), in to z istim uporabni\u0161kim imenom in geslom kot v \u201cdoma\u010dem\u201d omre\u017eju eduroam (npr. predavatelj \u0161ole dostopa v za\u0161\u010diteno omre\u017eje eduroam v Kr\u0161kem ali Mariboru oz. v katerokoli omre\u017eje eduroam v tujini). Pri tem je tako sami ustanovi kot gostujo\u010dem uporabniku zagotovljena kar najve\u010dja varnost, saj je onemogo\u010deno prislu\u0161kovanje in la\u017eno predstavljanje.<\/p>\n<h3><strong>2. Tehni\u010dne zahteve za dostop<\/strong><\/h3>\n<p>V brez\u017ei\u010dno omre\u017eje z imenom (SSID) eduroam se je mogo\u010de povezati s prenosnim ra\u010dunalnikom, dlan\u010dnikom, telefonom; skratka z napravo, na kateri operacijski sistem in brez\u017ei\u010dni vmesnik podpira standard 802.11a\/g\/n ter varnostni protokol WPA1\/2-Podjetni\u0161ko (WPA1\/2-Enterprise) in prijavni standard 802.1x z EAP-TTLS + PAP (enkripcija podatkov AES).<\/p>\n<h3><strong>3. Navodila za priklop<\/strong><\/h3>\n<p>Podrobna navodila za namestitev najdete na naslovu <a href=\"http:\/\/www.arnes.si\/pomoc-uporabnikom\/eduroam\/navodila-za-povezavo\/\" target=\"_blank\" rel=\"noopener noreferrer\">http:\/\/www.arnes.si\/pomoc-uporabnikom\/eduroam\/navodila-za-povezavo\/<\/a>.<\/p>\n<p>Lahko si pomagate tudi z pred nastavljenimi programi za namestitev brez\u017ei\u010dnega omre\u017eja na va\u0161i napravi \u2013 <a href=\"https:\/\/cat.eduroam.org\/\" target=\"_blank\" rel=\"noopener noreferrer\">eduroamCAT<\/a> (podpira ve\u010dino naprav)&nbsp;ali <strong>geteduroam<\/strong> (mobilne naprave).<\/p>\n<p>Poleg tega je za brez\u017ei\u010dni dostop potrebno \u0161e veljavno uporabni\u0161ko ime in geslo v mati\u010dni ustanovi. U\u010de\u010di pridobijo na \u017eeljo uporabni\u0161ko ime in geslo ob vpisu v \u0161olo oz. podajo zahtevek v za\u010detku \u0161olskega leta razredniku, \u0161tudentje pa v referatu.<\/p>\n<p>Dostop je veljaven za \u010das \u0161olanja in omogo\u010da u\u010de\u010dim tudi dostop do ostalih storitev&nbsp;<a href=\"https:\/\/aai.arnes.si\/storitve\" target=\"_blank\" rel=\"noopener noreferrer\">storitev Arnesa<\/a>&nbsp;v primeru, da jih \u0161ola ponuja. Uporabni\u0161ke podatke, spremembo gesla in prevzem identitete pa je mogo\u010d na spletni strani&nbsp;<a href=\"https:\/\/mdm.arnes.si\/Prijava\/Login.aspx\" target=\"_blank\" rel=\"noopener noreferrer\">SIO-MDM<\/a>.<\/p>\n<h3><strong>4. Pomo\u010d in kontaktne osebe<\/strong><\/h3>\n<p>V primeru te\u017eav pri povezavi v omre\u017eje eduroam se obrnite na ra\u010dunalnikarja organizacije.<\/p>\n<p><strong>Kontaktna oseba je ROK MIK\u0160I\u010c.<br \/>\n<\/strong>(rok.miksic(afna)os-dragatus.si).<\/p>\n<\/div>\n","protected":false},"excerpt":{"rendered":"<p>Brez\u017ei\u010dno izobra\u017eevalno omre\u017eje EDUROAM OSNOVNA \u0160OLA KOMANDANTA STANETA DRAGATU\u0160&nbsp;nudi zaposlenim, dijakom in \u0161tudentom mo\u017enost brezpla\u010dnega dostopa do brez\u017ei\u010dnega ra\u010dunalni\u0161kega omre\u017eja eduroam. Tako dodeljeni dostop ni namenjen komercialni uporabi. eduroam je del \u0161olskega omre\u017eja, ki je povezano v omre\u017eje Arnes in evropski sistem, zato zanj veljajo enaka pravila kot za dostop do omre\u017eja Arnes (http:\/\/www.arnes.si\/pomoc-uporabnikom\/pravila-uporabe-omrezja-arnes). 1. [&hellip;]<\/p>\n","protected":false},"author":1706,"featured_media":0,"parent":0,"menu_order":1,"comment_status":"closed","ping_status":"closed","template":"","meta":{"_et_pb_use_builder":"","_et_pb_old_content":"","_et_gb_content_width":"","ngg_post_thumbnail":0,"footnotes":"","_expiration-date-status":"","_expiration-date":0,"_expiration-date-type":"","_expiration-date-categories":[],"_expiration-date-options":[]},"class_list":["post-22483","page","type-page","status-publish","hentry"],"_links":{"self":[{"href":"https:\/\/os-dragatus.splet.arnes.si\/index.php?rest_route=\/wp\/v2\/pages\/22483","targetHints":{"allow":["GET"]}}],"collection":[{"href":"https:\/\/os-dragatus.splet.arnes.si\/index.php?rest_route=\/wp\/v2\/pages"}],"about":[{"href":"https:\/\/os-dragatus.splet.arnes.si\/index.php?rest_route=\/wp\/v2\/types\/page"}],"author":[{"embeddable":true,"href":"https:\/\/os-dragatus.splet.arnes.si\/index.php?rest_route=\/wp\/v2\/users\/1706"}],"replies":[{"embeddable":true,"href":"https:\/\/os-dragatus.splet.arnes.si\/index.php?rest_route=%2Fwp%2Fv2%2Fcomments&post=22483"}],"version-history":[{"count":14,"href":"https:\/\/os-dragatus.splet.arnes.si\/index.php?rest_route=\/wp\/v2\/pages\/22483\/revisions"}],"predecessor-version":[{"id":35568,"href":"https:\/\/os-dragatus.splet.arnes.si\/index.php?rest_route=\/wp\/v2\/pages\/22483\/revisions\/35568"}],"wp:attachment":[{"href":"https:\/\/os-dragatus.splet.arnes.si\/index.php?rest_route=%2Fwp%2Fv2%2Fmedia&parent=22483"}],"curies":[{"name":"wp","href":"https:\/\/api.w.org\/{rel}","templated":true}]}}