{"id":2169,"date":"2014-12-29T17:05:17","date_gmt":"2014-12-29T16:05:17","guid":{"rendered":"http:\/\/os-dragatus.splet.arnes.si\/?page_id=2169"},"modified":"2017-12-17T16:43:13","modified_gmt":"2017-12-17T15:43:13","slug":"organiziranost","status":"publish","type":"page","link":"https:\/\/os-dragatus.splet.arnes.si\/?page_id=2169","title":{"rendered":"ORGANIZIRANOST"},"content":{"rendered":"<p style=\"font-size: 14px\">Na teh straneh dobite pregled nad vsakodnevnim utripom na\u0161e \u0161ole. Vidite lahko kako poteka na\u0161e delo &#8211; od jutra do ve\u010dera, od prvega do zadnjega dneva pouka &#8211; ter kdo in kaj ga usmerja.<\/p>\n<p><a title=\"Zaposleni\" href=\"http:\/\/os-dragatus.splet.arnes.si\/?page_id=633\">Zaposleni<\/a><br \/>\n<a title=\"Oddelki\" href=\"http:\/\/os-dragatus.splet.arnes.si\/?page_id=635\">Oddelki<\/a><br \/>\n<a title=\"Predmetnik\" href=\"http:\/\/os-dragatus.splet.arnes.si\/?page_id=643\">Predmetnik<\/a><br \/>\n<a title=\"\u0160olski koledar\" href=\"http:\/\/os-dragatus.splet.arnes.si\/?page_id=639\">\u0160olski koledar<\/a><br \/>\n<a title=\"\u0160olski zvonec\" href=\"http:\/\/os-dragatus.splet.arnes.si\/?page_id=641\">\u0160olski zvonec<\/a><br \/>\n<a title=\"Podalj\u0161ano bivanje\" href=\"http:\/\/os-dragatus.splet.arnes.si\/?page_id=631\">Podalj\u0161ano bivanje<\/a><br \/>\n<a title=\"Jutranje varstvo\" href=\"http:\/\/os-dragatus.splet.arnes.si\/?page_id=629\">Jutranje varstvo<\/a><br \/>\n<a title=\"Druge oblike pouka\" href=\"http:\/\/os-dragatus.splet.arnes.si\/?page_id=637\">Druge oblike pouka<\/a><br \/>\n<a href=\"http:\/\/os-dragatus.splet.arnes.si\/files\/2017\/01\/hisni_red.pdf\" target=\"_blank\">Hi\u0161ni red<\/a><br \/>\n<a href=\"http:\/\/os-dragatus.splet.arnes.si\/files\/2014\/12\/pravila_solskega_reda.pdf\" target=\"_blank\">Pravila \u0161olskega reda<\/a><\/p>\n","protected":false},"excerpt":{"rendered":"<p>Na teh straneh dobite pregled nad vsakodnevnim utripom na\u0161e \u0161ole. Vidite lahko kako poteka na\u0161e delo &#8211; od jutra do ve\u010dera, od prvega do zadnjega dneva pouka &#8211; ter kdo in kaj ga usmerja. Zaposleni Oddelki Predmetnik \u0160olski koledar \u0160olski zvonec Podalj\u0161ano bivanje Jutranje varstvo Druge oblike pouka Hi\u0161ni red Pravila \u0161olskega reda<\/p>\n","protected":false},"author":1706,"featured_media":2194,"parent":0,"menu_order":29,"comment_status":"closed","ping_status":"closed","template":"","meta":{"_et_pb_use_builder":"","_et_pb_old_content":"","_et_gb_content_width":"","ngg_post_thumbnail":0,"footnotes":"","_expiration-date-status":"saved","_expiration-date":0,"_expiration-date-type":"","_expiration-date-categories":[],"_expiration-date-options":[]},"class_list":["post-2169","page","type-page","status-publish","has-post-thumbnail","hentry"],"_links":{"self":[{"href":"https:\/\/os-dragatus.splet.arnes.si\/index.php?rest_route=\/wp\/v2\/pages\/2169","targetHints":{"allow":["GET"]}}],"collection":[{"href":"https:\/\/os-dragatus.splet.arnes.si\/index.php?rest_route=\/wp\/v2\/pages"}],"about":[{"href":"https:\/\/os-dragatus.splet.arnes.si\/index.php?rest_route=\/wp\/v2\/types\/page"}],"author":[{"embeddable":true,"href":"https:\/\/os-dragatus.splet.arnes.si\/index.php?rest_route=\/wp\/v2\/users\/1706"}],"replies":[{"embeddable":true,"href":"https:\/\/os-dragatus.splet.arnes.si\/index.php?rest_route=%2Fwp%2Fv2%2Fcomments&post=2169"}],"version-history":[{"count":8,"href":"https:\/\/os-dragatus.splet.arnes.si\/index.php?rest_route=\/wp\/v2\/pages\/2169\/revisions"}],"predecessor-version":[{"id":18557,"href":"https:\/\/os-dragatus.splet.arnes.si\/index.php?rest_route=\/wp\/v2\/pages\/2169\/revisions\/18557"}],"wp:featuredmedia":[{"embeddable":true,"href":"https:\/\/os-dragatus.splet.arnes.si\/index.php?rest_route=\/wp\/v2\/media\/2194"}],"wp:attachment":[{"href":"https:\/\/os-dragatus.splet.arnes.si\/index.php?rest_route=%2Fwp%2Fv2%2Fmedia&parent=2169"}],"curies":[{"name":"wp","href":"https:\/\/api.w.org\/{rel}","templated":true}]}}