{"id":18259,"date":"2017-11-21T08:57:52","date_gmt":"2017-11-21T07:57:52","guid":{"rendered":"http:\/\/os-dragatus.splet.arnes.si\/?page_id=18259"},"modified":"2025-09-05T14:32:57","modified_gmt":"2025-09-05T12:32:57","slug":"zahteva-za-dostop-do-prijave-na-govorilno-uro","status":"publish","type":"page","link":"https:\/\/os-dragatus.splet.arnes.si\/?page_id=18259","title":{"rendered":"Prijava na govorilno uro"},"content":{"rendered":"<p><span style=\"color: #ff0000\">Seznam razredov s povezavami za vstop do preglednic:<\/span><\/p>\n<ul>\n<li style=\"list-style-type: none\">\n<ul>\n<li style=\"list-style-type: none\">\n<ul>\n<li><a href=\"https:\/\/docs.google.com\/spreadsheets\/d\/1Ts3v-oYIDMZi6HsVjsW50v-TDe2MiwQ6rLsqEiC7JbA\/edit?usp=sharing\" target=\"_blank\" rel=\"noopener noreferrer\">1. razred<\/a><\/li>\n<li><a href=\"https:\/\/docs.google.com\/spreadsheets\/d\/1s9an0KGoprvtu4TzkwPcPpclwL11BubS_llMUmn-XN8\/edit?usp=sharing\" target=\"_blank\" rel=\"noopener noreferrer\">2. razred<\/a><\/li>\n<li><a href=\"https:\/\/docs.google.com\/spreadsheets\/d\/1RlTnnmmPuhFZZwMlmDghRL1dYFJREkUfP2P9iaeS5lA\/edit?usp=sharing\" target=\"_blank\" rel=\"noopener noreferrer\">3. razred<\/a><\/li>\n<li><a href=\"https:\/\/docs.google.com\/spreadsheets\/d\/1kRsUUnvZ-gq2ra4RhYRKiqS67H5RHRXDY1wX-PfAhQQ\/edit?usp=sharing\" target=\"_blank\" rel=\"noopener noreferrer\">4. razred<\/a><\/li>\n<li><a href=\"https:\/\/docs.google.com\/spreadsheets\/d\/1Fr0KSRvKQGtAX0G65NxVc1-b4TOvdBwQVs8GxJQM_K4\/edit?usp=sharing\" target=\"_blank\" rel=\"noopener noreferrer\">5. razred<\/a><\/li>\n<li><a href=\"https:\/\/docs.google.com\/spreadsheets\/d\/12A8QRPm1JAm33fRzRbS1tkMmn4FduNZ641fliGp6oPo\/edit?usp=sharing\" target=\"_blank\" rel=\"noopener noreferrer\">6. razred<\/a><\/li>\n<li><a href=\"https:\/\/docs.google.com\/spreadsheets\/d\/1gakihJEHWTg7neOmAP_mxfGwsk-Phf8U97L_Eq0OXX0\/edit?usp=sharing\" target=\"_blank\" rel=\"noopener noreferrer\">7. razred<\/a><\/li>\n<li><a href=\"https:\/\/docs.google.com\/spreadsheets\/d\/10lIfq2arSpv2tOtUchGPkS4rqP99PyAZ-T23QFXgbFU\/edit?usp=sharing\" target=\"_blank\" rel=\"noopener noreferrer\">8. razred<\/a><\/li>\n<li><a href=\"https:\/\/docs.google.com\/spreadsheets\/d\/1VlAuizI5K0kxInjz59sBa5oJEvKnIlDhq80OdY-phPo\/edit?usp=sharing\" target=\"_blank\" rel=\"noopener noreferrer\">9. razred<\/a><\/li>\n<\/ul>\n<\/li>\n<\/ul>\n<\/li>\n<\/ul>\n<p>&nbsp;<\/p>\n<p><span style=\"color: #008000\">Na tej strani:<\/span><\/p>\n<ul>\n<li><span style=\"color: #000000\">se star\u0161i seznanite z navodili za prijavo za govorilno uro;<\/span><\/li>\n<li><span style=\"color: #000000\">lahko uredite svoj status dostopa do prijave;<\/span><\/li>\n<li><span style=\"color: #000000\">opravite prijavo za govorilno uro.<\/span><\/li>\n<\/ul>\n<p><span style=\"color: #008000\">Prijava za govorilno uro je vzpostavljena z namenom:<\/span><\/p>\n<ul>\n<li><span style=\"color: #000000\">da imajo star\u0161i \u010dim manj \u010dakanja na govorilnih urah;<\/span><\/li>\n<li><span style=\"color: #000000\">da si lahko na\u010drtujejo svojo prisotnost na govorilnih urah, \u0161e posebej \u010de imajo ve\u010d \u0161olarjev.<\/span><\/li>\n<\/ul>\n<p><span style=\"color: #ff0000\">\u010ce \u017eelite dostop<\/span> <span style=\"color: #000000\">do prijave na govorilno uro (in ste do tega upravi\u010deni), potem izpolnite<\/span> <a href=\"http:\/\/os-dragatus.splet.arnes.si\/files\/2019\/08\/prijavnica_GU.pdf\" target=\"_blank\" rel=\"noopener noreferrer\">obrazec<\/a> in ga oddajte v \u0161olski pisarni.<br \/>\n<strong>To storite samo enkrat &#8211; praviloma v 1. razredu. Nadaljnje vsakoletno podalj\u0161evanje ni potrebno, lahko pa z novim obrazcem dodate soglasje za drugega star\u0161a, \u010de je prej imel dostop samo eden.<\/strong><\/p>\n<p><span style=\"color: #008000\">\u010ce \u017eelite vna\u0161ati podatke v preglednico:<\/span><\/p>\n<ul>\n<li><span style=\"color: #000000\">izberite ustrezen razred v spodnjem seznamu;<\/span><\/li>\n<li><span style=\"color: #000000\">vnesite svoj <strong><em>Gmail naslov;<\/em><\/strong><\/span><\/li>\n<li><span style=\"color: #000000\">vnesite <strong><em>Gmail geslo<\/em><\/strong> za ta ra\u010dun;<\/span><\/li>\n<li><span style=\"color: #000000\">vstopite in vnesite ustrezne podatke.<\/span><\/li>\n<\/ul>\n<p><span style=\"color: #008000\">Navodila za pravilno vna\u0161anje podatkov v preglednico:<\/span><\/p>\n<ul>\n<li><span style=\"color: #000000\">pomaknite se v vrstico s \u010dasovnim terminom, ki vam najbolj ustreza;<\/span><\/li>\n<li><span style=\"color: #000000\">v stolpec B vnesite svoje ime in priimek ter v oklepaju \u0161e ime in priimek u\u010denca;<\/span><\/li>\n<li><span style=\"color: #000000\">ime in priimek u\u010denca je za\u017eeleno predvsem v primeru, \u010de je priimek star\u0161a druga\u010den;<\/span><\/li>\n<li><span style=\"color: #000000\">podatke vna\u0161ajte samo v <strong>prazne celice stolpa B<\/strong> poleg \u010dasovnih terminov;<\/span><\/li>\n<li><span style=\"color: #000000\">\u010de vnesete podatke v \u017ee izpolnjeno celico, se stari vnos samodejno povrne in zbri\u0161e novega.<\/span><\/li>\n<\/ul>\n<p><span style=\"color: #008000\">Dodatne mo\u017enosti:<\/span><\/p>\n<ul>\n<li><span style=\"color: #000000\">v isti preglednici se lahko prijavite za termin dopoldanske govorilne ure; le-ta je samo v tistem tednu, ko je popoldanska govorilna ura.<\/span><\/li>\n<\/ul>\n<p><span style=\"color: #008000\">Pomembno:<\/span><\/p>\n<ul>\n<li><span style=\"color: #000000\">star\u0161i morate podati to\u010dne naslove elektronske po\u0161te, sicer dostop ne bo mo\u017een;<\/span><\/li>\n<li><span style=\"color: #000000\">\u010de imate pri prijavi te\u017eave:<br \/>\na) preverite pravilnost va\u0161ega Gmail gesla<\/span><span style=\"color: #000000\">;<\/span><span style=\"color: #000000\"><br \/>\nb)<\/span><span style=\"color: #000000\"> \u010de je va\u0161e Gmail geslo<\/span><span style=\"color: #000000\"> pravilno &#8211; po\u0161ljite sporo\u010dilo na rok.miksic@os-dragatus.si z opisom te\u017eav;<br \/>\nc)&nbsp;<\/span><span style=\"color: #000000\">zadnji korak je re\u0161evanje te\u017eav &#8220;v \u017eivo&#8221; na dan govorilnih ur od 16.00 do 18.00 v ra\u010dunalnici.<\/span><\/li>\n<\/ul>\n","protected":false},"excerpt":{"rendered":"<p>Seznam razredov s povezavami za vstop do preglednic: 1. razred 2. razred 3. razred 4. razred 5. razred 6. razred 7. razred 8. razred 9. razred &nbsp; Na tej strani: se star\u0161i seznanite z navodili za prijavo za govorilno uro; lahko uredite svoj status dostopa do prijave; opravite prijavo za govorilno uro. Prijava za govorilno [&hellip;]<\/p>\n","protected":false},"author":1706,"featured_media":0,"parent":0,"menu_order":0,"comment_status":"closed","ping_status":"closed","template":"","meta":{"_et_pb_use_builder":"","_et_pb_old_content":"","_et_gb_content_width":"","ngg_post_thumbnail":0,"footnotes":"","_expiration-date-status":"","_expiration-date":0,"_expiration-date-type":"","_expiration-date-categories":[],"_expiration-date-options":[]},"class_list":["post-18259","page","type-page","status-publish","hentry"],"_links":{"self":[{"href":"https:\/\/os-dragatus.splet.arnes.si\/index.php?rest_route=\/wp\/v2\/pages\/18259","targetHints":{"allow":["GET"]}}],"collection":[{"href":"https:\/\/os-dragatus.splet.arnes.si\/index.php?rest_route=\/wp\/v2\/pages"}],"about":[{"href":"https:\/\/os-dragatus.splet.arnes.si\/index.php?rest_route=\/wp\/v2\/types\/page"}],"author":[{"embeddable":true,"href":"https:\/\/os-dragatus.splet.arnes.si\/index.php?rest_route=\/wp\/v2\/users\/1706"}],"replies":[{"embeddable":true,"href":"https:\/\/os-dragatus.splet.arnes.si\/index.php?rest_route=%2Fwp%2Fv2%2Fcomments&post=18259"}],"version-history":[{"count":15,"href":"https:\/\/os-dragatus.splet.arnes.si\/index.php?rest_route=\/wp\/v2\/pages\/18259\/revisions"}],"predecessor-version":[{"id":39427,"href":"https:\/\/os-dragatus.splet.arnes.si\/index.php?rest_route=\/wp\/v2\/pages\/18259\/revisions\/39427"}],"wp:attachment":[{"href":"https:\/\/os-dragatus.splet.arnes.si\/index.php?rest_route=%2Fwp%2Fv2%2Fmedia&parent=18259"}],"curies":[{"name":"wp","href":"https:\/\/api.w.org\/{rel}","templated":true}]}}