{"id":1105,"date":"2014-12-24T22:05:42","date_gmt":"2014-12-24T21:05:42","guid":{"rendered":"http:\/\/os-dragatus.splet.arnes.si\/?page_id=1105"},"modified":"2018-11-23T20:55:22","modified_gmt":"2018-11-23T19:55:22","slug":"odjava-malice","status":"publish","type":"page","link":"https:\/\/os-dragatus.splet.arnes.si\/?page_id=1105","title":{"rendered":"Odjava malice"},"content":{"rendered":"<p>Spo\u0161tovani star\u0161i!<\/p>\n<div>Kljub temu, da imajo va\u0161i otroci subvencionirano prehrano (delno ali v celoti) ste dol\u017eni\u00a0odjaviti otroka od malice in kosila za vse dni, ko ga ni v \u0161oli.<\/div>\n<div><\/div>\n<div>\u010ce tega ne storite, vam za vse dni odsotnosti prehrano v celoti zara\u010dunamo. Subvencijo\u00a0(delno ali v celoti) dobimo le za otroke, ki so v \u0161oli. \u010ce obrokov ne odjavite, jih mi pripravimo,\u00a0subvencije ne dobimo, zato vam jih zara\u010dunamo.<\/div>\n<div><\/div>\n<div>Prehrano lahko odjavite:<\/div>\n<p>&#8211; ustno v tajni\u0161tvu \u0161ole<\/p>\n<p>&#8211; telefonsko na tel.: 07\/55 55 810<\/p>\n<p>&#8211; ali izpolnite <a href=\"\/\/docs.google.com\/forms\/d\/1BV9hMDZGodNNgzpM9PB_KBPY2mLTilnFyVJz6UWsIkE\/viewform?embedded=true&quot; width=&quot;760&quot; height=&quot;500&quot; frameborder=&quot;0&quot; marginheight=&quot;0&quot; marginwidth=&quot;0&quot;&gt;Nalaganje ...&lt;\/iframe&gt;\" target=\"_blank\">obrazec<\/a><\/p>\n<p>&nbsp;<\/p>\n","protected":false},"excerpt":{"rendered":"<p>Spo\u0161tovani star\u0161i! Kljub temu, da imajo va\u0161i otroci subvencionirano prehrano (delno ali v celoti) ste dol\u017eni\u00a0odjaviti otroka od malice in kosila za vse dni, ko ga ni v \u0161oli. \u010ce tega ne storite, vam za vse dni odsotnosti prehrano v celoti zara\u010dunamo. Subvencijo\u00a0(delno ali v celoti) dobimo le za otroke, ki so v \u0161oli. \u010ce [&hellip;]<\/p>\n","protected":false},"author":1706,"featured_media":0,"parent":0,"menu_order":28,"comment_status":"closed","ping_status":"closed","template":"","meta":{"_et_pb_use_builder":"","_et_pb_old_content":"","_et_gb_content_width":"","ngg_post_thumbnail":0,"footnotes":"","_expiration-date-status":"saved","_expiration-date":0,"_expiration-date-type":"","_expiration-date-categories":[],"_expiration-date-options":[]},"class_list":["post-1105","page","type-page","status-publish","hentry"],"_links":{"self":[{"href":"https:\/\/os-dragatus.splet.arnes.si\/index.php?rest_route=\/wp\/v2\/pages\/1105","targetHints":{"allow":["GET"]}}],"collection":[{"href":"https:\/\/os-dragatus.splet.arnes.si\/index.php?rest_route=\/wp\/v2\/pages"}],"about":[{"href":"https:\/\/os-dragatus.splet.arnes.si\/index.php?rest_route=\/wp\/v2\/types\/page"}],"author":[{"embeddable":true,"href":"https:\/\/os-dragatus.splet.arnes.si\/index.php?rest_route=\/wp\/v2\/users\/1706"}],"replies":[{"embeddable":true,"href":"https:\/\/os-dragatus.splet.arnes.si\/index.php?rest_route=%2Fwp%2Fv2%2Fcomments&post=1105"}],"version-history":[{"count":6,"href":"https:\/\/os-dragatus.splet.arnes.si\/index.php?rest_route=\/wp\/v2\/pages\/1105\/revisions"}],"predecessor-version":[{"id":21749,"href":"https:\/\/os-dragatus.splet.arnes.si\/index.php?rest_route=\/wp\/v2\/pages\/1105\/revisions\/21749"}],"wp:attachment":[{"href":"https:\/\/os-dragatus.splet.arnes.si\/index.php?rest_route=%2Fwp%2Fv2%2Fmedia&parent=1105"}],"curies":[{"name":"wp","href":"https:\/\/api.w.org\/{rel}","templated":true}]}}